{"id":1190,"date":"2023-05-30T17:45:18","date_gmt":"2023-05-30T17:45:18","guid":{"rendered":"https:\/\/lindabligzna.com\/home\/"},"modified":"2025-11-07T14:18:19","modified_gmt":"2025-11-07T14:18:19","slug":"home","status":"publish","type":"page","link":"https:\/\/lindabligzna.com\/en\/","title":{"rendered":"Home"},"content":{"rendered":"<div class=\"wp-block-uagb-container uagb-block-34c1c1bb alignwide uagb-is-root-container\"><div class=\"wp-block-uagb-container uagb-block-0f73f026\"><div style=\"height:250px\" aria-hidden=\"true\" class=\"wp-block-spacer uag-hide-tab uag-hide-mob\"><\/div>\n\n<div style=\"height:139px\" aria-hidden=\"true\" class=\"wp-block-spacer uag-hide-desktop uag-hide-tab\"><\/div>\n\n<div class=\"wp-block-uagb-advanced-heading uagb-block-37d95ada\"><h6 class=\"uagb-heading-text\">Hello! I am Linda Bl\u012bgzna<\/h6><\/div>\n\n<div class=\"wp-block-uagb-advanced-heading uagb-block-6e3f7415\"><h2 class=\"uagb-heading-text\"><strong>PAL\u012aDZU CILV\u0112KAM SEVI IEPAZ\u012aT.<\/strong><\/h2><\/div>\n\n<div class=\"wp-block-uagb-advanced-heading uagb-block-1556169b uag-blocks-common-selector\" style=\"--z-index-desktop:2;;--z-index-tablet:undefined;;--z-index-mobile:undefined;\"><p class=\"uagb-heading-text\"><strong>Visliel\u0101k\u0101s p\u0101rmai\u0146as dz\u012bv\u0113 notiek br\u012b\u017eos, kad non\u0101kam kontakt\u0101 ar sevi. Sevis mekl\u0113jumus nomain\u0101m ar sevis iepaz\u012b\u0161anu. Vienk\u0101r\u0161i \u013caujot sev piedz\u012bvot dz\u012bvi, esot paties\u0101 saikn\u0113 ar mirkli.<\/strong><\/p><\/div>\n\n<p><strong>Izmantojot t\u0101das metodes k\u0101  B.Helingera \u0122imenes sist\u0113miskie sak\u0101rtojumi, \u0113terisko e\u013c\u013cu aromadiagnostiku, Hercu terapiju, MAK k\u0101r\u0161u sesijas, radu mirk\u013cus sevis iepaz\u012b\u0161anai.<br>Priec\u0101\u0161os b\u016bt KL\u0100T ESO\u0160A TAVOS KONTAKTBR\u012a\u017dOS.<\/strong><br><\/p>\n\n<div class=\"wp-block-uagb-buttons uagb-buttons__outer-wrap uagb-btn__default-btn uagb-btn-tablet__default-btn uagb-btn-mobile__default-btn uagb-block-faa7ce69\"><div class=\"uagb-buttons__wrap uagb-buttons-layout-wrap\"><div class=\"wp-block-uagb-buttons-child uagb-buttons__outer-wrap uagb-block-b4cba627 wp-block-button\"><div class=\"uagb-button__wrapper\"><a class=\"uagb-buttons-repeater ast-outline-button\" aria-label=\"\" style=\"border-width:revert-layer\" href=\"https:\/\/lindabligzna.com\/en\/pieraksts-konsultacijai\/\" rel=\"follow noopener\" target=\"_self\" role=\"button\"><div class=\"uagb-button__link\">Book an appointment<\/div><\/a><\/div><\/div><\/div><\/div><\/div>\n\n<div class=\"wp-block-uagb-container uagb-block-e9dbbe8c\"><\/div><\/div><div class=\"wp-block-uagb-container uagb-block-6b0a8e62 alignfull uagb-is-root-container\"><div class=\"uagb-container-inner-blocks-wrap\"><div class=\"wp-block-uagb-container uagb-block-5ce2b480\"><div class=\"wp-block-uagb-container uagb-block-ba882da7\"><div style=\"height:42px\" aria-hidden=\"true\" class=\"wp-block-spacer\"><\/div>\n\n<div class=\"wp-block-uagb-container uagb-block-b687e3ab\"><div class=\"wp-block-uagb-container uagb-block-1a4aacd5\"><div class=\"wp-block-uagb-advanced-heading uagb-block-650dc92f\"><h3 class=\"uagb-heading-text\"><strong><a href=\"https:\/\/lindabligzna.com\/en\/gimenes-sistemiskie-sakartojumi\/\" data-type=\"link\" data-id=\"https:\/\/lindabligzna.com\/gimenes-sistemiskie-sakartojumi\/\">Family Systemic Constellations<\/a><\/strong><\/h3><\/div><\/div>\n\n<div class=\"wp-block-uagb-container uag-hide-mob uagb-block-bb33db5c\"><div class=\"uagb-icon-wrapper uagb-block-3847ee20     uag-hide-mob\"\n\t\t\tstyle=\"\" >\n\t\t\t\t\t\t\t\t\t<span class=\"uagb-svg-wrapper\" \n\t\t\t\t\t aria-label=\"arrow-right-long\"\t\t\t\t\ttabindex=\"0\">\t\t\n\t\t\t\t\t\t\t\t\t\t<a rel=\"noopener noreferrer\" href=\"https:\/\/lindabligzna.com\/en\/gimenes-sistemiskie-sakartojumi\/\" target=\"_self\"><svg xmlns=\"https:\/\/www.w3.org\/2000\/svg\" viewbox= \"0 0 512 512\" role=\"graphics-symbol\" aria-hidden=\"false\" aria-label=\"\"><path d=\"M502.6 278.6l-128 128c-12.51 12.51-32.76 12.49-45.25 0c-12.5-12.5-12.5-32.75 0-45.25L402.8 288H32C14.31 288 0 273.7 0 255.1S14.31 224 32 224h370.8l-73.38-73.38c-12.5-12.5-12.5-32.75 0-45.25s32.75-12.5 45.25 0l128 128C515.1 245.9 515.1 266.1 502.6 278.6z\"><\/path><\/svg><\/a>\n\t\t\t\t\t\t\t\t\t<\/span>\n\t\t\t\t\t\t\t<\/div><\/div><\/div>\n\n<div class=\"wp-block-uagb-container uagb-block-447281a1\"><div class=\"wp-block-uagb-container uagb-block-dfd21feb\"><div class=\"wp-block-uagb-advanced-heading uagb-block-ae13b435\"><h3 class=\"uagb-heading-text\"><strong><a href=\"https:\/\/lindabligzna.com\/en\/metaforiskas-asociativas-kartis\/\" data-type=\"link\" data-id=\"https:\/\/lindabligzna.com\/metaforiskas-asociativas-kartis\/\">Metaphorical Associative Cards<\/a><\/strong><\/h3><\/div><\/div>\n\n<div class=\"wp-block-uagb-container uag-hide-mob uagb-block-0193b2d5\"><div class=\"uagb-icon-wrapper uagb-block-e2f07a22     uag-hide-mob\"\n\t\t\tstyle=\"\" >\n\t\t\t\t\t\t\t\t\t<span class=\"uagb-svg-wrapper\" \n\t\t\t\t\t aria-label=\"arrow-right-long\"\t\t\t\t\ttabindex=\"0\">\t\t\n\t\t\t\t\t\t\t\t\t\t<a rel=\"noopener noreferrer\" href=\"https:\/\/lindabligzna.com\/en\/metaforiskas-asociativas-kartis\/\" target=\"_self\"><svg xmlns=\"https:\/\/www.w3.org\/2000\/svg\" viewbox= \"0 0 512 512\" role=\"graphics-symbol\" aria-hidden=\"false\" aria-label=\"\"><path d=\"M502.6 278.6l-128 128c-12.51 12.51-32.76 12.49-45.25 0c-12.5-12.5-12.5-32.75 0-45.25L402.8 288H32C14.31 288 0 273.7 0 255.1S14.31 224 32 224h370.8l-73.38-73.38c-12.5-12.5-12.5-32.75 0-45.25s32.75-12.5 45.25 0l128 128C515.1 245.9 515.1 266.1 502.6 278.6z\"><\/path><\/svg><\/a>\n\t\t\t\t\t\t\t\t\t<\/span>\n\t\t\t\t\t\t\t<\/div><\/div><\/div>\n\n<div class=\"wp-block-uagb-container uagb-block-9ce762f1\"><div class=\"wp-block-uagb-container uagb-block-5f78ee52\"><div class=\"wp-block-uagb-advanced-heading uagb-block-d849a917\"><h3 class=\"uagb-heading-text\"><strong><a href=\"https:\/\/lindabligzna.com\/en\/hercu-terapija\/\">Heart Therapy<\/a><\/strong><\/h3><\/div><\/div>\n\n<div class=\"wp-block-uagb-container uag-hide-mob uagb-block-3c64ee2f\"><div class=\"uagb-icon-wrapper uagb-block-70050d83     uag-hide-mob\"\n\t\t\tstyle=\"\" >\n\t\t\t\t\t\t\t\t\t<span class=\"uagb-svg-wrapper\" \n\t\t\t\t\t aria-label=\"arrow-right-long\"\t\t\t\t\ttabindex=\"0\">\t\t\n\t\t\t\t\t\t\t\t\t\t<a rel=\"noopener noreferrer\" href=\"https:\/\/lindabligzna.com\/en\/hercu-terapija\/\" target=\"_self\"><svg xmlns=\"https:\/\/www.w3.org\/2000\/svg\" viewbox= \"0 0 512 512\" role=\"graphics-symbol\" aria-hidden=\"false\" aria-label=\"\"><path d=\"M502.6 278.6l-128 128c-12.51 12.51-32.76 12.49-45.25 0c-12.5-12.5-12.5-32.75 0-45.25L402.8 288H32C14.31 288 0 273.7 0 255.1S14.31 224 32 224h370.8l-73.38-73.38c-12.5-12.5-12.5-32.75 0-45.25s32.75-12.5 45.25 0l128 128C515.1 245.9 515.1 266.1 502.6 278.6z\"><\/path><\/svg><\/a>\n\t\t\t\t\t\t\t\t\t<\/span>\n\t\t\t\t\t\t\t<\/div><\/div><\/div>\n\n<div style=\"height:20px\" aria-hidden=\"true\" class=\"wp-block-spacer\"><\/div>\n\n<div class=\"wp-block-uagb-buttons uagb-buttons__outer-wrap uagb-btn__default-btn uagb-btn-tablet__default-btn uagb-btn-mobile__default-btn uagb-block-f51c7bb0\"><div class=\"uagb-buttons__wrap uagb-buttons-layout-wrap\"><div class=\"wp-block-uagb-buttons-child uagb-buttons__outer-wrap uagb-block-8c2bf24e wp-block-button\"><div class=\"uagb-button__wrapper\"><a class=\"uagb-buttons-repeater ast-outline-button\" aria-label=\"\" style=\"border-width:revert-layer\" href=\"https:\/\/lindabligzna.com\/en\/pieraksts-konsultacijai\/\" rel=\"follow noopener\" target=\"_self\" role=\"button\"><div class=\"uagb-button__link\">Sign up now<\/div><\/a><\/div><\/div><\/div><\/div><\/div><\/div><\/div><\/div><div style=\"height:34px\" aria-hidden=\"true\" class=\"wp-block-spacer uag-hide-desktop uag-hide-tab\"><\/div><div class=\"wp-block-uagb-container uagb-block-3f4349a9 alignfull uagb-is-root-container\"><div class=\"uagb-container-inner-blocks-wrap\"><div class=\"wp-block-uagb-container uagb-block-283fd9b1\"><div class=\"wp-block-uagb-image uagb-block-39b15569 wp-block-uagb-image--layout-default wp-block-uagb-image--effect-static wp-block-uagb-image--align-none\"><figure class=\"wp-block-uagb-image__figure\"><img decoding=\"async\" srcset=\"https:\/\/lindabligzna.com\/wp-content\/uploads\/2024\/12\/24.png ,https:\/\/lindabligzna.com\/wp-content\/uploads\/2024\/12\/24.png 780w, https:\/\/lindabligzna.com\/wp-content\/uploads\/2024\/12\/24.png 360w\" sizes=\"auto, (max-width: 480px) 150px\" src=\"https:\/\/lindabligzna.com\/wp-content\/uploads\/2024\/12\/24.png\" alt=\"Metaforisk\u0101s k\u0101rtis\" class=\"uag-image-4727\" width=\"700\" height=\"600\" title=\"Metaphorical Cards\" loading=\"lazy\" role=\"img\"\/><\/figure><\/div><\/div>\n\n<div class=\"wp-block-uagb-container uagb-block-58dc4f53\"><div class=\"wp-block-uagb-advanced-heading uagb-block-ed619111\"><h6 class=\"uagb-heading-text\">Discover Yourself Through Metaphorical Symbols<\/h6><\/div>\n\n<div class=\"wp-block-uagb-info-box uagb-block-98d6b73a uagb-infobox__content-wrap  uagb-infobox-icon-above-title uagb-infobox-image-valign-top\"><div class=\"uagb-ifb-content\"><div class=\"uagb-ifb-title-wrap\"><h2 class=\"uagb-ifb-title\"><strong>Metaphorical Associative Cards<\/strong><\/h2><\/div><p class=\"uagb-ifb-desc\">Uncover subconscious symbols and gain a deeper understanding of your feelings and emotions. These cards reveal unconscious thoughts and offer fresh perspectives to help you navigate life\u2019s challenges.<\/p><div class=\"uagb-ifb-button-wrapper wp-block-button\"><a href=\"https:\/\/lindabligzna.com\/en\/metaforiskas-asociativas-kartis\/\" class=\"uagb-infobox-cta-link wp-block-button__link\" target=\"_self\" rel=\"noopener noreferrer\" onclick=\"return true;\"><span class=\"uagb-inline-editing\">Start exploring<\/span><\/a><\/div><\/div><\/div><\/div><\/div><\/div><div style=\"height:100px\" aria-hidden=\"true\" class=\"wp-block-spacer\"><\/div><div class=\"wp-block-uagb-container uag-hide-mob uagb-block-2f5f2fcb alignfull uagb-is-root-container\"><div class=\"uagb-container-inner-blocks-wrap\"><div class=\"wp-block-group is-horizontal is-content-justification-left is-nowrap is-layout-flex wp-container-core-group-is-layout-e5fbeb3a wp-block-group-is-layout-flex\"><div class=\"wp-block-uagb-container uagb-block-bee7d730\"><div class=\"wp-block-uagb-advanced-heading uagb-block-29f2b5af\"><h6 class=\"uagb-heading-text\">About Me<\/h6><\/div>\n\n<div class=\"wp-block-uagb-info-box uagb-block-894cd0bd uagb-infobox__content-wrap  uagb-infobox-icon-above-title uagb-infobox-image-valign-top\"><div class=\"uagb-ifb-content\"><div class=\"uagb-ifb-title-wrap\"><h2 class=\"uagb-ifb-title\"><strong>Linda Bl\u012bgzna<\/strong><\/h2><\/div><p class=\"uagb-ifb-desc\"><strong>Visliel\u0101k\u0101s p\u0101rmai\u0146as dz\u012bv\u0113 notiek br\u012b\u017eos, kad non\u0101kam kontakt\u0101 ar sevi. Sevis mekl\u0113jumus nomain\u0101m ar sevis iepaz\u012b\u0161anu. Vienk\u0101r\u0161i \u013caujot sev piedz\u012bvot dz\u012bvi, esot paties\u0101 saikn\u0113 ar mirkli.<br><\/strong><br><strong><strong>Izmantojot t\u0101das metodes k\u0101  B.Helingera \u0122imenes sist\u0113miskie sak\u0101rtojumi, \u0113terisko e\u013c\u013cu aromadiagnostiku, Hercu terapiju, MAK k\u0101r\u0161u sesijas, radu mirk\u013cus sevis iepaz\u012b\u0161anai.<br>Priec\u0101\u0161os b\u016bt KL\u0100T ESO\u0160A TAVOS KONTAKTBR\u012a\u017dOS.<\/strong><\/strong><\/p><div class=\"uagb-ifb-button-wrapper wp-block-button\"><a href=\"https:\/\/lindabligzna.com\/en\/par-mani\/\" class=\"uagb-infobox-cta-link wp-block-button__link\" target=\"_self\" rel=\"noopener noreferrer\" onclick=\"return true;\"><span class=\"uagb-inline-editing\">Read more<\/span><\/a><\/div><\/div><\/div><\/div>\n\n<div class=\"wp-block-uagb-image uagb-block-6473ea9d wp-block-uagb-image--layout-default wp-block-uagb-image--effect-static wp-block-uagb-image--align-none\"><figure class=\"wp-block-uagb-image__figure\"><img decoding=\"async\" srcset=\"https:\/\/lindabligzna.com\/wp-content\/uploads\/2025\/01\/49-e1734968294417.jpg ,https:\/\/lindabligzna.com\/wp-content\/uploads\/2025\/01\/49-e1734968294417.jpg 780w, https:\/\/lindabligzna.com\/wp-content\/uploads\/2025\/01\/49-e1734968294417.jpg 360w\" sizes=\"auto, (max-width: 480px) 150px\" src=\"https:\/\/lindabligzna.com\/wp-content\/uploads\/2025\/01\/49-e1734968294417.jpg\" alt=\"\" class=\"uag-image-5024\" width=\"718\" height=\"620\" title=\"49-e1734968294417\" loading=\"lazy\" role=\"img\"\/><\/figure><\/div><\/div><\/div><\/div><div class=\"wp-block-uagb-container uag-hide-desktop uag-hide-tab uagb-block-84159253 alignfull uagb-is-root-container\"><div class=\"uagb-container-inner-blocks-wrap\"><div class=\"wp-block-uagb-image uagb-block-7961d2b8 wp-block-uagb-image--layout-default wp-block-uagb-image--effect-static wp-block-uagb-image--align-none\"><figure class=\"wp-block-uagb-image__figure\"><img decoding=\"async\" srcset=\"https:\/\/lindabligzna.com\/wp-content\/uploads\/2025\/01\/50-1.jpg ,https:\/\/lindabligzna.com\/wp-content\/uploads\/2025\/01\/50-1.jpg 780w, https:\/\/lindabligzna.com\/wp-content\/uploads\/2025\/01\/50-1.jpg 360w\" sizes=\"auto, (max-width: 480px) 150px\" src=\"https:\/\/lindabligzna.com\/wp-content\/uploads\/2025\/01\/50-1.jpg\" alt=\"\" class=\"uag-image-5036\" width=\"509\" height=\"476\" title=\"50 (1)\" loading=\"lazy\" role=\"img\"\/><\/figure><\/div>\n\n<div class=\"wp-block-uagb-container uagb-block-d9c62aaf\"><div class=\"wp-block-uagb-advanced-heading uagb-block-fb97e330\"><h6 class=\"uagb-heading-text\">About Me<\/h6><\/div>\n\n<div class=\"wp-block-uagb-info-box uagb-block-c79ec2cc uagb-infobox__content-wrap  uagb-infobox-icon-above-title uagb-infobox-image-valign-top\"><div class=\"uagb-ifb-content\"><div class=\"uagb-ifb-title-wrap\"><h2 class=\"uagb-ifb-title\"><strong>Linda Bl\u012bgzna<\/strong><\/h2><\/div><p class=\"uagb-ifb-desc\"><strong>Visliel\u0101k\u0101s p\u0101rmai\u0146as dz\u012bv\u0113 notiek br\u012b\u017eos, kad non\u0101kam kontakt\u0101 ar sevi. Sevis mekl\u0113jumus nomain\u0101m ar sevis iepaz\u012b\u0161anu. Vienk\u0101r\u0161i \u013caujot sev piedz\u012bvot dz\u012bvi, esot paties\u0101 saikn\u0113 ar mirkli.<\/strong><br><br><strong>Izmantojot t\u0101das metodes k\u0101  B.Helingera \u0122imenes sist\u0113miskie sak\u0101rtojumi, \u0113terisko e\u013c\u013cu aromadiagnostiku, Hercu terapiju, MAK k\u0101r\u0161u sesijas, radu mirk\u013cus sevis iepaz\u012b\u0161anai.Priec\u0101\u0161os b\u016bt KL\u0100T ESO\u0160A TAVOS KONTAKTBR\u012a\u017dOS.<\/strong><\/p><div class=\"uagb-ifb-button-wrapper wp-block-button\"><a href=\"https:\/\/lindabligzna.com\/en\/par-mani\/\" class=\"uagb-infobox-cta-link wp-block-button__link\" target=\"_self\" rel=\"noopener noreferrer\" onclick=\"return true;\"><span class=\"uagb-inline-editing\">Read more<\/span><\/a><\/div><\/div><\/div><\/div><\/div><\/div><div style=\"height:41px\" aria-hidden=\"true\" class=\"wp-block-spacer\"><\/div><div class=\"wp-block-uagb-container uagb-block-8722825c alignfull uagb-is-root-container\"><div class=\"uagb-container-inner-blocks-wrap\"><div style=\"height:97px\" aria-hidden=\"true\" class=\"wp-block-spacer\"><\/div>\n\n<div class=\"wp-block-uagb-advanced-heading uagb-block-ae417a2f\"><h6 class=\"uagb-heading-text\"><strong>Want to Learn More About the Services?<\/strong><\/h6><\/div>\n\n<div class=\"wp-block-uagb-advanced-heading uagb-block-0058f110\"><h2 class=\"uagb-heading-text\">Blog<\/h2><\/div>\n\n<div style=\"height:29px\" aria-hidden=\"true\" class=\"wp-block-spacer\"><\/div>\n\n<div class=\"wp-block-uagb-container uagb-block-55a2491b alignfull uagb-is-root-container\"><div class=\"uagb-container-inner-blocks-wrap\"><div class=\"wp-block-uagb-post-grid uagb-post-grid page-blog-block uagb-post__image-position-top uagb-post__image-enabled uagb-block-5667549c     uagb-post__items uagb-post__columns-3 is-grid uagb-post__columns-tablet-2 uagb-post__columns-mobile-1 uagb-post__equal-height\" data-total=\"1\" style=\"\">\n\n\t\t\t\t\t\t\t\t\t\t\t\t<article class=\"uagb-post__inner-wrap\">\t\t\t\t\t\t\t\t<h4 class=\"uagb-post__title uagb-post__text\">\n\t\t\t\t<a href=\"https:\/\/lindabligzna.com\/en\/2025\/05\/31\/kas-ir-tavi-kontaktbrizi\/\" target=\"_self\" rel=\"bookmark noopener noreferrer\">When do you feel truly connected?<\/a>\n\t\t\t<\/h4>\n\t\t\t\t\t\t<div class='uagb-post__text uagb-post-grid-byline'>\n\t\t\t\t\t\t\t<\/div>\n\t\t\t\t\t\t<div class=\"uagb-post__text uagb-post__cta wp-block-button\">\n\t\t\t\t<a class=\"wp-block-button__link uagb-text-link\" style=\"\" href=\"https:\/\/lindabligzna.com\/en\/2025\/05\/31\/kas-ir-tavi-kontaktbrizi\/\" target=\"_self\" rel=\"bookmark noopener noreferrer\">Read more <\/a>\n\t\t\t<\/div>\n\t\t\t\n\t\t\t\t\t\t\t\t\t<\/article>\n\t\t\t\t\t\t\t\t\t\t\t\t\t\t\t\t<article class=\"uagb-post__inner-wrap\">\t\t\t\t\t\t\t\t<h4 class=\"uagb-post__title uagb-post__text\">\n\t\t\t\t<a href=\"https:\/\/lindabligzna.com\/en\/2025\/04\/30\/neticigais-tinis-3-pilzenes-alini-un-dievs\/\" target=\"_self\" rel=\"bookmark noopener noreferrer\">THE SKEPTICAL TEEN. 3 PILSNER BEERS AND GOD.<\/a>\n\t\t\t<\/h4>\n\t\t\t\t\t\t<div class='uagb-post__text uagb-post-grid-byline'>\n\t\t\t\t\t\t\t<\/div>\n\t\t\t\t\t\t<div class=\"uagb-post__text uagb-post__cta wp-block-button\">\n\t\t\t\t<a class=\"wp-block-button__link uagb-text-link\" style=\"\" href=\"https:\/\/lindabligzna.com\/en\/2025\/04\/30\/neticigais-tinis-3-pilzenes-alini-un-dievs\/\" target=\"_self\" rel=\"bookmark noopener noreferrer\">Read more <\/a>\n\t\t\t<\/div>\n\t\t\t\n\t\t\t\t\t\t\t\t\t<\/article>\n\t\t\t\t\t\t\t\t\t\t\t\t\t\t\t\t<article class=\"uagb-post__inner-wrap\">\t\t\t\t\t\t\t\t<div class='uagb-post__image'>\n\t\t\t\t\t\t\t\t\t<a href=\"https:\/\/lindabligzna.com\/en\/2024\/09\/07\/ipasums-ka-simbols\/\" target=\"_self\" rel=\"bookmark noopener noreferrer\" class='uagb-image-ratio-inherit'><img loading=\"lazy\" decoding=\"async\" width=\"1024\" height=\"908\" src=\"https:\/\/lindabligzna.com\/wp-content\/uploads\/2024\/09\/IPASUMS-KA-SIMBOLS-1.png\" class=\"attachment-large size-large\" alt=\"\" srcset=\"https:\/\/lindabligzna.com\/wp-content\/uploads\/2024\/09\/IPASUMS-KA-SIMBOLS-1.png 1024w, https:\/\/lindabligzna.com\/wp-content\/uploads\/2024\/09\/IPASUMS-KA-SIMBOLS-1-300x266.png 300w, https:\/\/lindabligzna.com\/wp-content\/uploads\/2024\/09\/IPASUMS-KA-SIMBOLS-1-768x681.png 768w, https:\/\/lindabligzna.com\/wp-content\/uploads\/2024\/09\/IPASUMS-KA-SIMBOLS-1-14x12.png 14w, https:\/\/lindabligzna.com\/wp-content\/uploads\/2024\/09\/IPASUMS-KA-SIMBOLS-1-600x532.png 600w\" sizes=\"auto, (max-width: 1024px) 100vw, 1024px\" \/>\t\t\t\t\t<\/a>\n\t\t\t\t\t\t\t<\/div>\n\t\t\t\t\t\t<h4 class=\"uagb-post__title uagb-post__text\">\n\t\t\t\t<a href=\"https:\/\/lindabligzna.com\/en\/2024\/09\/07\/ipasums-ka-simbols\/\" target=\"_self\" rel=\"bookmark noopener noreferrer\">PROPERTY AS A SYMBOL<\/a>\n\t\t\t<\/h4>\n\t\t\t\t\t\t<div class='uagb-post__text uagb-post-grid-byline'>\n\t\t\t\t\t\t\t<\/div>\n\t\t\t\t\t\t<div class=\"uagb-post__text uagb-post__cta wp-block-button\">\n\t\t\t\t<a class=\"wp-block-button__link uagb-text-link\" style=\"\" href=\"https:\/\/lindabligzna.com\/en\/2024\/09\/07\/ipasums-ka-simbols\/\" target=\"_self\" rel=\"bookmark noopener noreferrer\">Read more <\/a>\n\t\t\t<\/div>\n\t\t\t\n\t\t\t\t\t\t\t\t\t<\/article>\n\t\t\t\t\t\t\t\t\t\t\t<\/div><\/div><\/div><\/div><\/div><div class=\"wp-block-uagb-container uagb-block-65f9d899 default uagb-is-root-container\"><div class=\"wp-block-uagb-advanced-heading uagb-block-4f51e9d7\"><h2 class=\"uagb-heading-text\">Piesakies jaunumiem un seko l\u012bdzi visiem jaunumiem Telegram kan\u0101l\u0101!<\/h2><p class=\"uagb-desc-text\"><strong>Pievienojies manam Telegram kan\u0101lam, kur regul\u0101ri public\u0113ju aktu\u0101lus jaunumus, padomus un iedvesmojo\u0161u saturu. Tur tu atrad\u012bsi personaliz\u0113tu inform\u0101ciju un v\u0113rt\u012bgus ieteikumus, kas pal\u012bdz\u0113s atrast tev vispiem\u0113rot\u0101kos risin\u0101jumus.<\/strong><\/p><\/div>\n\n<div style=\"height:10px\" aria-hidden=\"true\" class=\"wp-block-spacer\"><\/div>\n\n<div class=\"wp-block-uagb-container uagb-block-07d7fd7b\"><div class=\"wp-block-buttons is-content-justification-center is-layout-flex wp-container-core-buttons-is-layout-a89b3969 wp-block-buttons-is-layout-flex\"><div class=\"wp-block-button has-custom-width wp-block-button__width-100\"><a class=\"wp-block-button__link has-ast-global-color-4-color has-text-color has-link-color has-border-color has-ast-global-color-4-border-color wp-element-button\" href=\"https:\/\/t.me\/+xrJH9TOA4RowYWZk\">Pievienoties<\/a><\/div><\/div><\/div><\/div><p><\/p>","protected":false},"excerpt":{"rendered":"<p>Sveiki! Esmu Linda Bl\u012bgzna PAL\u012aDZU CILV\u0112KAM SEVI IEPAZ\u012aT. Visliel\u0101k\u0101s p\u0101rmai\u0146as dz\u012bv\u0113 notiek br\u012b\u017eos, kad non\u0101kam kontakt\u0101 ar sevi. Sevis mekl\u0113jumus [&hellip;]<\/p>","protected":false},"author":2,"featured_media":0,"parent":0,"menu_order":0,"comment_status":"closed","ping_status":"closed","template":"","meta":{"_uag_custom_page_level_css":"","site-sidebar-layout":"default","site-content-layout":"page-builder","ast-site-content-layout":"full-width-container","site-content-style":"unboxed","site-sidebar-style":"unboxed","ast-global-header-display":"","ast-banner-title-visibility":"","ast-main-header-display":"","ast-hfb-above-header-display":"","ast-hfb-below-header-display":"","ast-hfb-mobile-header-display":"","site-post-title":"disabled","ast-breadcrumbs-content":"","ast-featured-img":"","footer-sml-layout":"","theme-transparent-header-meta":"enabled","adv-header-id-meta":"","stick-header-meta":"","header-above-stick-meta":"","header-main-stick-meta":"","header-below-stick-meta":"","astra-migrate-meta-layouts":"set","ast-page-background-enabled":"default","ast-page-background-meta":{"desktop":{"background-color":"","background-image":"","background-repeat":"repeat","background-position":"center center","background-size":"auto","background-attachment":"scroll","background-type":"","background-media":"","overlay-type":"","overlay-color":"","overlay-opacity":"","overlay-gradient":""},"tablet":{"background-color":"","background-image":"","background-repeat":"repeat","background-position":"center center","background-size":"auto","background-attachment":"scroll","background-type":"","background-media":"","overlay-type":"","overlay-color":"","overlay-opacity":"","overlay-gradient":""},"mobile":{"background-color":"","background-image":"","background-repeat":"repeat","background-position":"center center","background-size":"auto","background-attachment":"scroll","background-type":"","background-media":"","overlay-type":"","overlay-color":"","overlay-opacity":"","overlay-gradient":""}},"ast-content-background-meta":{"desktop":{"background-color":"var(--ast-global-color-5)","background-image":"","background-repeat":"repeat","background-position":"center center","background-size":"auto","background-attachment":"scroll","background-type":"","background-media":"","overlay-type":"","overlay-color":"","overlay-opacity":"","overlay-gradient":""},"tablet":{"background-color":"var(--ast-global-color-5)","background-image":"","background-repeat":"repeat","background-position":"center center","background-size":"auto","background-attachment":"scroll","background-type":"","background-media":"","overlay-type":"","overlay-color":"","overlay-opacity":"","overlay-gradient":""},"mobile":{"background-color":"var(--ast-global-color-5)","background-image":"","background-repeat":"repeat","background-position":"center center","background-size":"auto","background-attachment":"scroll","background-type":"","background-media":"","overlay-type":"","overlay-color":"","overlay-opacity":"","overlay-gradient":""}},"footnotes":""},"class_list":["post-1190","page","type-page","status-publish","hentry"],"jetpack_sharing_enabled":true,"uagb_featured_image_src":{"full":false,"thumbnail":false,"medium":false,"medium_large":false,"large":false,"1536x1536":false,"2048x2048":false,"trp-custom-language-flag":false,"woocommerce_thumbnail":false,"woocommerce_single":false,"woocommerce_gallery_thumbnail":false},"uagb_author_info":{"display_name":"patricija","author_link":"https:\/\/lindabligzna.com\/en\/author\/patricija\/"},"uagb_comment_info":0,"uagb_excerpt":"Sveiki! Esmu Linda Bl\u012bgzna PAL\u012aDZU CILV\u0112KAM SEVI IEPAZ\u012aT. Visliel\u0101k\u0101s p\u0101rmai\u0146as dz\u012bv\u0113 notiek br\u012b\u017eos, kad non\u0101kam kontakt\u0101 ar sevi. Sevis mekl\u0113jumus [&hellip;]","_links":{"self":[{"href":"https:\/\/lindabligzna.com\/en\/wp-json\/wp\/v2\/pages\/1190","targetHints":{"allow":["GET"]}}],"collection":[{"href":"https:\/\/lindabligzna.com\/en\/wp-json\/wp\/v2\/pages"}],"about":[{"href":"https:\/\/lindabligzna.com\/en\/wp-json\/wp\/v2\/types\/page"}],"author":[{"embeddable":true,"href":"https:\/\/lindabligzna.com\/en\/wp-json\/wp\/v2\/users\/2"}],"replies":[{"embeddable":true,"href":"https:\/\/lindabligzna.com\/en\/wp-json\/wp\/v2\/comments?post=1190"}],"version-history":[{"count":275,"href":"https:\/\/lindabligzna.com\/en\/wp-json\/wp\/v2\/pages\/1190\/revisions"}],"predecessor-version":[{"id":5467,"href":"https:\/\/lindabligzna.com\/en\/wp-json\/wp\/v2\/pages\/1190\/revisions\/5467"}],"wp:attachment":[{"href":"https:\/\/lindabligzna.com\/en\/wp-json\/wp\/v2\/media?parent=1190"}],"curies":[{"name":"wp","href":"https:\/\/api.w.org\/{rel}","templated":true}]}}