{"id":1193,"date":"2023-05-30T17:45:42","date_gmt":"2023-05-30T17:45:42","guid":{"rendered":"https:\/\/lindabligzna.com\/about-me\/"},"modified":"2025-05-31T08:26:51","modified_gmt":"2025-05-31T08:26:51","slug":"par-mani","status":"publish","type":"page","link":"https:\/\/lindabligzna.com\/en\/par-mani\/","title":{"rendered":"About Me"},"content":{"rendered":"<div style=\"height:24px\" aria-hidden=\"true\" class=\"wp-block-spacer uag-hide-desktop uag-hide-tab\"><\/div><div class=\"wp-block-uagb-container uagb-block-24b3c2c6 alignfull uagb-is-root-container\"><div class=\"uagb-container-inner-blocks-wrap\"><div class=\"wp-block-columns is-layout-flex wp-container-core-columns-is-layout-28f84493 wp-block-columns-is-layout-flex\"><div class=\"wp-block-column is-layout-flow wp-block-column-is-layout-flow\"><div style=\"height:48px\" aria-hidden=\"true\" class=\"wp-block-spacer uag-hide-desktop uag-hide-tab\"><\/div>\n\n<div class=\"wp-block-uagb-advanced-heading uagb-block-0b6afb62 uag-hide-tab uag-hide-mob\"><\/div>\n\n<div style=\"height:10px\" aria-hidden=\"true\" class=\"wp-block-spacer uag-hide-desktop uag-hide-tab\"><\/div>\n\n<div class=\"wp-block-uagb-info-box uagb-block-69662495 uagb-infobox__content-wrap  uagb-infobox-icon-above-title uagb-infobox-image-valign-top\"><div class=\"uagb-ifb-content\"><div class=\"uagb-ifb-title-wrap\"><h1 class=\"uagb-ifb-title\">Linda <br>Bl\u012bgzna<\/h1><\/div><p class=\"uagb-ifb-desc\">Hello! It\u2019s great to see you here. I\u2019m Linda Bl\u012bgzna\u2014a person who, in search of inner peace, transformed my life and now helps others do the same!<\/p><\/div><\/div>\n\n<div class=\"wp-block-uagb-advanced-heading uagb-block-ca3ed860\"><p class=\"uagb-heading-text\">For a very long time in my life, I lived completely disconnected from myself. It seems I existed in my mind, unconsciously doing so much to destroy myself. While I lived in my head, my body was living its own life, and my heart was \u201cwalled in for safety,\u201d because feeling myself was too painful. Only now do I realize that my hobby was suffering, and my passion\u2014being a savior. I believed that if I could fix everyone close to me\u2014\u201cbecause I know better what they need,\u201d if I could \u201cheal the ancestral line,\u201d then finally, I would be able to enjoy happiness myself.<\/p><\/div><\/div>\n\n<div class=\"wp-block-column uag-hide-mob is-layout-flow wp-block-column-is-layout-flow\"><div class=\"wp-block-uagb-image alignwide uagb-block-7102aceb wp-block-uagb-image--layout-default wp-block-uagb-image--effect-static wp-block-uagb-image--align-wide\"><figure class=\"wp-block-uagb-image__figure\"><img decoding=\"async\" srcset=\"https:\/\/lindabligzna.com\/wp-content\/uploads\/2024\/12\/13-923x1024.png ,https:\/\/lindabligzna.com\/wp-content\/uploads\/2024\/12\/13.png 780w, https:\/\/lindabligzna.com\/wp-content\/uploads\/2024\/12\/13.png 360w\" sizes=\"auto, (max-width: 480px) 150px\" src=\"https:\/\/lindabligzna.com\/wp-content\/uploads\/2024\/12\/13-923x1024.png\" alt=\"Par mani galvenais foto\" class=\"uag-image-4585\" width=\"923\" height=\"1024\" title=\"Par mani galvenais foto\" loading=\"lazy\" role=\"img\"\/><\/figure><\/div><\/div><\/div>\n\n<div style=\"height:24px\" aria-hidden=\"true\" class=\"wp-block-spacer\"><\/div>\n\n<p style=\"font-size:16px\">My encounter with the realization that the best thing I can do for myself, my family, and my lineage is to take responsibility for my own life was deeply unsettling. That this means taking my rightful place within the family system\u2014being a child to my parents, a mother to my child, a wife to my husband, a sister to my brothers and sister\u2026 and nothing else. Right now, I believe this is the only path to authenticity\u2014living life from my true place, accepting my parents as they are. Perhaps with time, I will think differently\u2026\n\nI have stopped demanding the wisdom of an elder from myself. I allow myself to make mistakes. I am learning about myself and about life. At this moment, I am learning to listen to my body, interpreting the symptoms it presents, and with the help of Bert Hellinger\u2019s method, I explore what it is trying to say through the \u201cexcess weight,\u201d passed down through generations.\n\nI am navigating complex emotions as I search for and come to know my father at the age of 32. The more I work with family constellations and raise our daughter together with my beloved husband\u2014sailing through the realities of man and woman coexisting in marriage\u2014the more I feel how profoundly these relationships are influenced by our connections with our parents, grandparents, and the events in our family history.\n\nI see how deeply this affects our partnerships, how desperately we long for love, yet when love finds us, we work so hard to destroy it\u2014because deep down, we don\u2019t truly believe we are allowed to be happy.<\/p>\n\n<p>And so, from generation to generation, we pass on these \u201cinheritances,\u201d until the body and life itself begin to send signals through symptoms such as: relationship crises, depression, recurring events passed down through generations, life patterns that endlessly repeat, lack of money, challenges in relationships with children, work-related issues, various illnesses, and more.\n\nLife speaks loudly\u2014so that we may finally come into contact with ourselves, so that we may begin to see and to hear:<\/p>\n\n<p style=\"font-size:16px\">&nbsp;\u201cHey, it can be different! You have to find the reason why things are the way they are. You have to see it, acknowledge it, and let it go! And then\u2014by getting to know your true self\u2014you have to feel WHAT and HOW it is that I truly want.\u201d<\/p>\n\n<p style=\"font-size:18px\">I\u2019ll be happy to be truly present with you in your moments of connection.<br><br>Linda Bl\u012bgzna<\/p><\/div><\/div><div class=\"wp-block-uagb-advanced-heading uagb-block-7f0b94d0\"><h2 class=\"uagb-heading-text\">Reviews<\/h2><\/div><div style=\"height:23px\" aria-hidden=\"true\" class=\"wp-block-spacer\"><\/div><div class=\"wp-block-uagb-container uagb-block-9909c038 alignfull uagb-is-root-container\"><div class=\"uagb-container-inner-blocks-wrap\"><style type=\"text\/css\">\n\t#foogallery-gallery-4506 .fg-image {\n        width: 150px;\n    }\n<\/style>\n\t\t\t\t<div class=\"foogallery foogallery-container foogallery-default foogallery-lightbox-foogallery fg-gutter-10 fg-center fg-default fg-light fg-border-thin fg-shadow-outline fg-loading-default fg-loaded-fade-in fg-caption-hover fg-hover-fade fg-hover-zoom fg-ready\" id=\"foogallery-gallery-4506\" data-foogallery=\"{&quot;item&quot;:{&quot;showCaptionTitle&quot;:true,&quot;showCaptionDescription&quot;:true},&quot;lazy&quot;:true}\" data-foogallery-lightbox=\"{&quot;thumbs&quot;:&quot;bottom&quot;,&quot;thumbsCaptions&quot;:false,&quot;thumbsBestFit&quot;:false,&quot;thumbsSmall&quot;:false,&quot;thumbsCaptionsAlign&quot;:&quot;default&quot;,&quot;info&quot;:&quot;bottom&quot;,&quot;infoVisible&quot;:true,&quot;infoOverlay&quot;:true,&quot;infoAlign&quot;:&quot;default&quot;,&quot;transition&quot;:&quot;fade&quot;,&quot;hoverButtons&quot;:false,&quot;fitMedia&quot;:false,&quot;noScrollbars&quot;:true,&quot;preserveButtonSpace&quot;:true,&quot;buttons&quot;:{&quot;fullscreen&quot;:true,&quot;info&quot;:true,&quot;thumbs&quot;:false},&quot;video&quot;:{&quot;autoPlay&quot;:true}}\" >\n\t<div class=\"fg-item fg-type-image fg-idle\"><figure class=\"fg-item-inner\"><a href=\"https:\/\/lindabligzna.com\/wp-content\/uploads\/2024\/12\/WhatsApp-Image-2024-12-18-at-19.15.21-1.jpeg\" data-attachment-id=\"4464\" data-type=\"image\" class=\"fg-thumb\"><span class=\"fg-image-wrap\"><img decoding=\"async\" width=\"150\" height=\"150\" class=\"skip-lazy fg-image\" data-src-fg=\"https:\/\/lindabligzna.com\/wp-content\/uploads\/cache\/2024\/12\/WhatsApp-Image-2024-12-18-at-19_15_21-1\/2925702620.jpeg\" src=\"data:image\/svg+xml,%3Csvg%20xmlns%3D%22http%3A%2F%2Fwww.w3.org%2F2000%2Fsvg%22%20width%3D%22150%22%20height%3D%22150%22%20viewBox%3D%220%200%20150%20150%22%3E%3C%2Fsvg%3E\" loading=\"eager\"><\/span><span class=\"fg-image-overlay\"><\/span><\/a><figcaption class=\"fg-caption\"><div class=\"fg-caption-inner\"><\/div><\/figcaption><\/figure><div class=\"fg-loader\"><\/div><\/div><div class=\"fg-item fg-type-image fg-idle\"><figure class=\"fg-item-inner\"><a href=\"https:\/\/lindabligzna.com\/wp-content\/uploads\/2024\/12\/WhatsApp-Image-2024-12-18-at-19.17.00.jpeg\" data-attachment-id=\"4465\" data-type=\"image\" class=\"fg-thumb\"><span class=\"fg-image-wrap\"><img decoding=\"async\" width=\"150\" height=\"150\" class=\"skip-lazy fg-image\" data-src-fg=\"https:\/\/lindabligzna.com\/wp-content\/uploads\/cache\/2024\/12\/WhatsApp-Image-2024-12-18-at-19_17_00\/769507068.jpeg\" src=\"data:image\/svg+xml,%3Csvg%20xmlns%3D%22http%3A%2F%2Fwww.w3.org%2F2000%2Fsvg%22%20width%3D%22150%22%20height%3D%22150%22%20viewBox%3D%220%200%20150%20150%22%3E%3C%2Fsvg%3E\" loading=\"eager\"><\/span><span class=\"fg-image-overlay\"><\/span><\/a><figcaption class=\"fg-caption\"><div class=\"fg-caption-inner\"><\/div><\/figcaption><\/figure><div class=\"fg-loader\"><\/div><\/div><div class=\"fg-item fg-type-image fg-idle\"><figure class=\"fg-item-inner\"><a href=\"https:\/\/lindabligzna.com\/wp-content\/uploads\/2024\/12\/WhatsApp-Image-2024-12-18-at-19.15.21-2.jpeg\" data-attachment-id=\"4466\" data-type=\"image\" class=\"fg-thumb\"><span class=\"fg-image-wrap\"><img decoding=\"async\" width=\"150\" height=\"150\" class=\"skip-lazy fg-image\" data-src-fg=\"https:\/\/lindabligzna.com\/wp-content\/uploads\/cache\/2024\/12\/WhatsApp-Image-2024-12-18-at-19_15_21-2\/1383706160.jpeg\" src=\"data:image\/svg+xml,%3Csvg%20xmlns%3D%22http%3A%2F%2Fwww.w3.org%2F2000%2Fsvg%22%20width%3D%22150%22%20height%3D%22150%22%20viewBox%3D%220%200%20150%20150%22%3E%3C%2Fsvg%3E\" loading=\"eager\"><\/span><span class=\"fg-image-overlay\"><\/span><\/a><figcaption class=\"fg-caption\"><div class=\"fg-caption-inner\"><\/div><\/figcaption><\/figure><div class=\"fg-loader\"><\/div><\/div><div class=\"fg-item fg-type-image fg-idle\"><figure class=\"fg-item-inner\"><a href=\"https:\/\/lindabligzna.com\/wp-content\/uploads\/2024\/12\/WhatsApp-Image-2024-12-18-at-19.15.21.jpeg\" data-attachment-id=\"4467\" data-type=\"image\" class=\"fg-thumb\"><span class=\"fg-image-wrap\"><img decoding=\"async\" width=\"150\" height=\"150\" class=\"skip-lazy fg-image\" data-src-fg=\"https:\/\/lindabligzna.com\/wp-content\/uploads\/cache\/2024\/12\/WhatsApp-Image-2024-12-18-at-19_15_21\/258070435.jpeg\" src=\"data:image\/svg+xml,%3Csvg%20xmlns%3D%22http%3A%2F%2Fwww.w3.org%2F2000%2Fsvg%22%20width%3D%22150%22%20height%3D%22150%22%20viewBox%3D%220%200%20150%20150%22%3E%3C%2Fsvg%3E\" loading=\"eager\"><\/span><span class=\"fg-image-overlay\"><\/span><\/a><figcaption class=\"fg-caption\"><div class=\"fg-caption-inner\"><\/div><\/figcaption><\/figure><div class=\"fg-loader\"><\/div><\/div><div class=\"fg-item fg-type-image fg-idle\"><figure class=\"fg-item-inner\"><a href=\"https:\/\/lindabligzna.com\/wp-content\/uploads\/2024\/12\/WhatsApp-Image-2024-12-18-at-19.15.22-1.jpeg\" data-attachment-id=\"4469\" data-type=\"image\" class=\"fg-thumb\"><span class=\"fg-image-wrap\"><img decoding=\"async\" width=\"150\" height=\"150\" class=\"skip-lazy fg-image\" data-src-fg=\"https:\/\/lindabligzna.com\/wp-content\/uploads\/cache\/2024\/12\/WhatsApp-Image-2024-12-18-at-19_15_22-1\/1209327452.jpeg\" src=\"data:image\/svg+xml,%3Csvg%20xmlns%3D%22http%3A%2F%2Fwww.w3.org%2F2000%2Fsvg%22%20width%3D%22150%22%20height%3D%22150%22%20viewBox%3D%220%200%20150%20150%22%3E%3C%2Fsvg%3E\" loading=\"eager\"><\/span><span class=\"fg-image-overlay\"><\/span><\/a><figcaption class=\"fg-caption\"><div class=\"fg-caption-inner\"><\/div><\/figcaption><\/figure><div class=\"fg-loader\"><\/div><\/div><div class=\"fg-item fg-type-image fg-idle\"><figure class=\"fg-item-inner\"><a href=\"https:\/\/lindabligzna.com\/wp-content\/uploads\/2024\/12\/WhatsApp-Image-2024-12-18-at-19.15.22-2.jpeg\" data-attachment-id=\"4470\" data-type=\"image\" class=\"fg-thumb\"><span class=\"fg-image-wrap\"><img decoding=\"async\" width=\"150\" height=\"150\" class=\"skip-lazy fg-image\" data-src-fg=\"https:\/\/lindabligzna.com\/wp-content\/uploads\/cache\/2024\/12\/WhatsApp-Image-2024-12-18-at-19_15_22-2\/2463337218.jpeg\" src=\"data:image\/svg+xml,%3Csvg%20xmlns%3D%22http%3A%2F%2Fwww.w3.org%2F2000%2Fsvg%22%20width%3D%22150%22%20height%3D%22150%22%20viewBox%3D%220%200%20150%20150%22%3E%3C%2Fsvg%3E\" loading=\"eager\"><\/span><span class=\"fg-image-overlay\"><\/span><\/a><figcaption class=\"fg-caption\"><div class=\"fg-caption-inner\"><\/div><\/figcaption><\/figure><div class=\"fg-loader\"><\/div><\/div><div class=\"fg-item fg-type-image fg-idle\"><figure class=\"fg-item-inner\"><a href=\"https:\/\/lindabligzna.com\/wp-content\/uploads\/2024\/12\/WhatsApp-Image-2024-12-18-at-19.15.22-3.jpeg\" data-attachment-id=\"4471\" data-type=\"image\" class=\"fg-thumb\"><span class=\"fg-image-wrap\"><img decoding=\"async\" width=\"150\" height=\"150\" class=\"skip-lazy fg-image\" data-src-fg=\"https:\/\/lindabligzna.com\/wp-content\/uploads\/cache\/2024\/12\/WhatsApp-Image-2024-12-18-at-19_15_22-3\/182125557.jpeg\" src=\"data:image\/svg+xml,%3Csvg%20xmlns%3D%22http%3A%2F%2Fwww.w3.org%2F2000%2Fsvg%22%20width%3D%22150%22%20height%3D%22150%22%20viewBox%3D%220%200%20150%20150%22%3E%3C%2Fsvg%3E\" loading=\"eager\"><\/span><span class=\"fg-image-overlay\"><\/span><\/a><figcaption class=\"fg-caption\"><div class=\"fg-caption-inner\"><\/div><\/figcaption><\/figure><div class=\"fg-loader\"><\/div><\/div><div class=\"fg-item fg-type-image fg-idle\"><figure class=\"fg-item-inner\"><a href=\"https:\/\/lindabligzna.com\/wp-content\/uploads\/2024\/12\/WhatsApp-Image-2024-12-18-at-19.15.22.jpeg\" data-attachment-id=\"4472\" data-type=\"image\" class=\"fg-thumb\"><span class=\"fg-image-wrap\"><img decoding=\"async\" width=\"150\" height=\"150\" class=\"skip-lazy fg-image\" data-src-fg=\"https:\/\/lindabligzna.com\/wp-content\/uploads\/cache\/2024\/12\/WhatsApp-Image-2024-12-18-at-19_15_22\/789141592.jpeg\" src=\"data:image\/svg+xml,%3Csvg%20xmlns%3D%22http%3A%2F%2Fwww.w3.org%2F2000%2Fsvg%22%20width%3D%22150%22%20height%3D%22150%22%20viewBox%3D%220%200%20150%20150%22%3E%3C%2Fsvg%3E\" loading=\"eager\"><\/span><span class=\"fg-image-overlay\"><\/span><\/a><figcaption class=\"fg-caption\"><div class=\"fg-caption-inner\"><\/div><\/figcaption><\/figure><div class=\"fg-loader\"><\/div><\/div><div class=\"fg-item fg-type-image fg-idle\"><figure class=\"fg-item-inner\"><a href=\"https:\/\/lindabligzna.com\/wp-content\/uploads\/2024\/12\/WhatsApp-Image-2024-12-18-at-19.15.23-1.jpeg\" data-attachment-id=\"4473\" data-type=\"image\" class=\"fg-thumb\"><span class=\"fg-image-wrap\"><img decoding=\"async\" width=\"150\" height=\"150\" class=\"skip-lazy fg-image\" data-src-fg=\"https:\/\/lindabligzna.com\/wp-content\/uploads\/cache\/2024\/12\/WhatsApp-Image-2024-12-18-at-19_15_23-1\/540396442.jpeg\" src=\"data:image\/svg+xml,%3Csvg%20xmlns%3D%22http%3A%2F%2Fwww.w3.org%2F2000%2Fsvg%22%20width%3D%22150%22%20height%3D%22150%22%20viewBox%3D%220%200%20150%20150%22%3E%3C%2Fsvg%3E\" loading=\"eager\"><\/span><span class=\"fg-image-overlay\"><\/span><\/a><figcaption class=\"fg-caption\"><div class=\"fg-caption-inner\"><\/div><\/figcaption><\/figure><div class=\"fg-loader\"><\/div><\/div><div class=\"fg-item fg-type-image fg-idle\"><figure class=\"fg-item-inner\"><a href=\"https:\/\/lindabligzna.com\/wp-content\/uploads\/2024\/12\/WhatsApp-Image-2024-12-18-at-19.15.23.jpeg\" data-attachment-id=\"4474\" data-type=\"image\" class=\"fg-thumb\"><span class=\"fg-image-wrap\"><img decoding=\"async\" width=\"150\" height=\"150\" class=\"skip-lazy fg-image\" data-src-fg=\"https:\/\/lindabligzna.com\/wp-content\/uploads\/cache\/2024\/12\/WhatsApp-Image-2024-12-18-at-19_15_23\/2216173208.jpeg\" src=\"data:image\/svg+xml,%3Csvg%20xmlns%3D%22http%3A%2F%2Fwww.w3.org%2F2000%2Fsvg%22%20width%3D%22150%22%20height%3D%22150%22%20viewBox%3D%220%200%20150%20150%22%3E%3C%2Fsvg%3E\" loading=\"eager\"><\/span><span class=\"fg-image-overlay\"><\/span><\/a><figcaption class=\"fg-caption\"><div class=\"fg-caption-inner\"><\/div><\/figcaption><\/figure><div class=\"fg-loader\"><\/div><\/div><div class=\"fg-item fg-type-image fg-idle\"><figure class=\"fg-item-inner\"><a href=\"https:\/\/lindabligzna.com\/wp-content\/uploads\/2024\/12\/wp3.jpg\" data-attachment-id=\"4292\" data-type=\"image\" class=\"fg-thumb\"><span class=\"fg-image-wrap\"><img decoding=\"async\" width=\"150\" height=\"150\" class=\"skip-lazy fg-image\" data-src-fg=\"https:\/\/lindabligzna.com\/wp-content\/uploads\/cache\/2024\/12\/wp3\/220990583.jpg\" src=\"data:image\/svg+xml,%3Csvg%20xmlns%3D%22http%3A%2F%2Fwww.w3.org%2F2000%2Fsvg%22%20width%3D%22150%22%20height%3D%22150%22%20viewBox%3D%220%200%20150%20150%22%3E%3C%2Fsvg%3E\" loading=\"eager\"><\/span><span class=\"fg-image-overlay\"><\/span><\/a><figcaption class=\"fg-caption\"><div class=\"fg-caption-inner\"><\/div><\/figcaption><\/figure><div class=\"fg-loader\"><\/div><\/div><div class=\"fg-item fg-type-image fg-idle\"><figure class=\"fg-item-inner\"><a href=\"https:\/\/lindabligzna.com\/wp-content\/uploads\/2024\/12\/wp2.jpg\" data-attachment-id=\"4291\" data-type=\"image\" class=\"fg-thumb\"><span class=\"fg-image-wrap\"><img decoding=\"async\" width=\"150\" height=\"150\" class=\"skip-lazy fg-image\" data-src-fg=\"https:\/\/lindabligzna.com\/wp-content\/uploads\/cache\/2024\/12\/wp2\/1786628700.jpg\" src=\"data:image\/svg+xml,%3Csvg%20xmlns%3D%22http%3A%2F%2Fwww.w3.org%2F2000%2Fsvg%22%20width%3D%22150%22%20height%3D%22150%22%20viewBox%3D%220%200%20150%20150%22%3E%3C%2Fsvg%3E\" loading=\"eager\"><\/span><span class=\"fg-image-overlay\"><\/span><\/a><figcaption class=\"fg-caption\"><div class=\"fg-caption-inner\"><\/div><\/figcaption><\/figure><div class=\"fg-loader\"><\/div><\/div><div class=\"fg-item fg-type-image fg-idle\"><figure class=\"fg-item-inner\"><a href=\"https:\/\/lindabligzna.com\/wp-content\/uploads\/2024\/12\/wp1.jpg\" data-attachment-id=\"4289\" data-type=\"image\" class=\"fg-thumb\"><span class=\"fg-image-wrap\"><img decoding=\"async\" width=\"150\" height=\"150\" class=\"skip-lazy fg-image\" data-src-fg=\"https:\/\/lindabligzna.com\/wp-content\/uploads\/cache\/2024\/12\/wp1\/238729702.jpg\" src=\"data:image\/svg+xml,%3Csvg%20xmlns%3D%22http%3A%2F%2Fwww.w3.org%2F2000%2Fsvg%22%20width%3D%22150%22%20height%3D%22150%22%20viewBox%3D%220%200%20150%20150%22%3E%3C%2Fsvg%3E\" loading=\"eager\"><\/span><span class=\"fg-image-overlay\"><\/span><\/a><figcaption class=\"fg-caption\"><div class=\"fg-caption-inner\"><\/div><\/figcaption><\/figure><div class=\"fg-loader\"><\/div><\/div><\/div><\/div><\/div><div style=\"height:33px\" aria-hidden=\"true\" class=\"wp-block-spacer\"><\/div><div class=\"wp-block-uagb-container uagb-block-65f9d899 default uagb-is-root-container\"><div class=\"wp-block-uagb-advanced-heading uagb-block-4f51e9d7\"><h2 class=\"uagb-heading-text\">Piesakies jaunumiem un seko l\u012bdzi visiem jaunumiem Telegram kan\u0101l\u0101!<\/h2><p class=\"uagb-desc-text\"><strong>Pievienojies manam Telegram kan\u0101lam, kur regul\u0101ri public\u0113ju aktu\u0101lus jaunumus, padomus un iedvesmojo\u0161u saturu. Tur tu atrad\u012bsi personaliz\u0113tu inform\u0101ciju un v\u0113rt\u012bgus ieteikumus, kas pal\u012bdz\u0113s atrast tev vispiem\u0113rot\u0101kos risin\u0101jumus.<\/strong><\/p><\/div>\n\n<div style=\"height:10px\" aria-hidden=\"true\" class=\"wp-block-spacer\"><\/div>\n\n<div class=\"wp-block-uagb-container uagb-block-07d7fd7b\"><div class=\"wp-block-buttons is-content-justification-center is-layout-flex wp-container-core-buttons-is-layout-a89b3969 wp-block-buttons-is-layout-flex\"><div class=\"wp-block-button has-custom-width wp-block-button__width-100\"><a class=\"wp-block-button__link has-ast-global-color-4-color has-text-color has-link-color has-border-color has-ast-global-color-4-border-color wp-element-button\" href=\"https:\/\/t.me\/+xrJH9TOA4RowYWZk\">Pievienoties<\/a><\/div><\/div><\/div><\/div><p><\/p>","protected":false},"excerpt":{"rendered":"<p>For a very long time in my life, I have spent in complete disconnection from myself. It seems I was living in my mind, unconsciously doing very much to destroy myself\u2026<\/p>","protected":false},"author":2,"featured_media":0,"parent":0,"menu_order":0,"comment_status":"closed","ping_status":"closed","template":"","meta":{"_uag_custom_page_level_css":"","site-sidebar-layout":"default","site-content-layout":"page-builder","ast-site-content-layout":"full-width-container","site-content-style":"unboxed","site-sidebar-style":"unboxed","ast-global-header-display":"","ast-banner-title-visibility":"","ast-main-header-display":"","ast-hfb-above-header-display":"","ast-hfb-below-header-display":"","ast-hfb-mobile-header-display":"","site-post-title":"disabled","ast-breadcrumbs-content":"","ast-featured-img":"","footer-sml-layout":"","theme-transparent-header-meta":"enabled","adv-header-id-meta":"","stick-header-meta":"","header-above-stick-meta":"","header-main-stick-meta":"","header-below-stick-meta":"","astra-migrate-meta-layouts":"set","ast-page-background-enabled":"default","ast-page-background-meta":{"desktop":{"background-color":"","background-image":"","background-repeat":"repeat","background-position":"center center","background-size":"auto","background-attachment":"scroll","background-type":"","background-media":"","overlay-type":"","overlay-color":"","overlay-opacity":"","overlay-gradient":""},"tablet":{"background-color":"","background-image":"","background-repeat":"repeat","background-position":"center center","background-size":"auto","background-attachment":"scroll","background-type":"","background-media":"","overlay-type":"","overlay-color":"","overlay-opacity":"","overlay-gradient":""},"mobile":{"background-color":"","background-image":"","background-repeat":"repeat","background-position":"center center","background-size":"auto","background-attachment":"scroll","background-type":"","background-media":"","overlay-type":"","overlay-color":"","overlay-opacity":"","overlay-gradient":""}},"ast-content-background-meta":{"desktop":{"background-color":"var(--ast-global-color-5)","background-image":"","background-repeat":"repeat","background-position":"center center","background-size":"auto","background-attachment":"scroll","background-type":"","background-media":"","overlay-type":"","overlay-color":"","overlay-opacity":"","overlay-gradient":""},"tablet":{"background-color":"var(--ast-global-color-5)","background-image":"","background-repeat":"repeat","background-position":"center center","background-size":"auto","background-attachment":"scroll","background-type":"","background-media":"","overlay-type":"","overlay-color":"","overlay-opacity":"","overlay-gradient":""},"mobile":{"background-color":"var(--ast-global-color-5)","background-image":"","background-repeat":"repeat","background-position":"center center","background-size":"auto","background-attachment":"scroll","background-type":"","background-media":"","overlay-type":"","overlay-color":"","overlay-opacity":"","overlay-gradient":""}},"footnotes":""},"class_list":["post-1193","page","type-page","status-publish","hentry"],"jetpack_sharing_enabled":true,"uagb_featured_image_src":{"full":false,"thumbnail":false,"medium":false,"medium_large":false,"large":false,"1536x1536":false,"2048x2048":false,"trp-custom-language-flag":false,"woocommerce_thumbnail":false,"woocommerce_single":false,"woocommerce_gallery_thumbnail":false},"uagb_author_info":{"display_name":"patricija","author_link":"https:\/\/lindabligzna.com\/en\/author\/patricija\/"},"uagb_comment_info":0,"uagb_excerpt":"\u013boti ilgu savas dz\u012bves laiku, esmu pavad\u012bjusi piln\u012bg\u0101 bezkontakt\u0101 ar sevi. \u0160\u0137iet dz\u012bvoju pr\u0101t\u0101, neapzin\u0101ti darot \u013coti daudz, lai sevi [&hellip;]","_links":{"self":[{"href":"https:\/\/lindabligzna.com\/en\/wp-json\/wp\/v2\/pages\/1193","targetHints":{"allow":["GET"]}}],"collection":[{"href":"https:\/\/lindabligzna.com\/en\/wp-json\/wp\/v2\/pages"}],"about":[{"href":"https:\/\/lindabligzna.com\/en\/wp-json\/wp\/v2\/types\/page"}],"author":[{"embeddable":true,"href":"https:\/\/lindabligzna.com\/en\/wp-json\/wp\/v2\/users\/2"}],"replies":[{"embeddable":true,"href":"https:\/\/lindabligzna.com\/en\/wp-json\/wp\/v2\/comments?post=1193"}],"version-history":[{"count":121,"href":"https:\/\/lindabligzna.com\/en\/wp-json\/wp\/v2\/pages\/1193\/revisions"}],"predecessor-version":[{"id":5379,"href":"https:\/\/lindabligzna.com\/en\/wp-json\/wp\/v2\/pages\/1193\/revisions\/5379"}],"wp:attachment":[{"href":"https:\/\/lindabligzna.com\/en\/wp-json\/wp\/v2\/media?parent=1193"}],"curies":[{"name":"wp","href":"https:\/\/api.w.org\/{rel}","templated":true}]}}