{"id":1195,"date":"2023-05-30T17:46:24","date_gmt":"2023-05-30T17:46:24","guid":{"rendered":"https:\/\/lindabligzna.com\/consulting\/"},"modified":"2025-11-07T13:14:39","modified_gmt":"2025-11-07T13:14:39","slug":"pakalpojumi","status":"publish","type":"page","link":"https:\/\/lindabligzna.com\/en\/pakalpojumi\/","title":{"rendered":"Services"},"content":{"rendered":"<div class=\"wp-block-uagb-container uagb-block-337784c3 alignfull uagb-is-root-container\"><div class=\"uagb-container-inner-blocks-wrap\"><div class=\"wp-block-uagb-advanced-heading uagb-block-e45d9616\"><h1 class=\"uagb-heading-text\">Services<\/h1><\/div>\n\n<div style=\"height:11px\" aria-hidden=\"true\" class=\"wp-block-spacer uag-hide-desktop\"><\/div>\n\n<div class=\"wp-block-uagb-container uagb-block-f240c3a9\"><div class=\"wp-block-uagb-container uagb-block-308d8849\"><div class=\"wp-block-uagb-advanced-heading uagb-block-a58a061c\"><h3 class=\"uagb-heading-text\"><a href=\"https:\/\/lindabligzna.com\/en\/hercu-terapija\/\"><strong>Heart Therapy<\/strong>&nbsp;<\/a><\/h3><\/div>\n\n<div class=\"wp-block-uagb-container uagb-block-11c3a634\"><div class=\"wp-block-uagb-advanced-heading uagb-block-96a68b4b\"><p class=\"uagb-heading-text\">This therapy utilizes sound frequencies generated by special devices or instruments. Heart Therapy is based on the idea that specific frequencies (Hz) can positively impact the body, allowing it to reach a state of deep relaxation on physical, etheric, and mental levels.&nbsp;<br>&nbsp;<br><em>Hertz (Hz) is a unit of frequency that, in this context, refers to the number of oscillations or (sound) waves per second.<\/em><\/p><\/div><\/div>\n\n<div class=\"wp-block-uagb-container uag-hide-mob uagb-block-10a034f1\"><div class=\"uagb-icon-wrapper uagb-block-1c25f1d9     uag-hide-mob\"\n\t\t\tstyle=\"\" >\n\t\t\t\t\t\t\t\t\t<span class=\"uagb-svg-wrapper\" \n\t\t\t\t\t aria-label=\"arrow-right-long\"\t\t\t\t\ttabindex=\"0\">\t\t\n\t\t\t\t\t\t\t\t\t\t<a rel=\"noopener noreferrer\" href=\"https:\/\/lindabligzna.com\/en\/hercu-terapija\/\" target=\"_self\"><svg xmlns=\"https:\/\/www.w3.org\/2000\/svg\" viewbox= \"0 0 512 512\" role=\"graphics-symbol\" aria-hidden=\"false\" aria-label=\"\"><path d=\"M502.6 278.6l-128 128c-12.51 12.51-32.76 12.49-45.25 0c-12.5-12.5-12.5-32.75 0-45.25L402.8 288H32C14.31 288 0 273.7 0 255.1S14.31 224 32 224h370.8l-73.38-73.38c-12.5-12.5-12.5-32.75 0-45.25s32.75-12.5 45.25 0l128 128C515.1 245.9 515.1 266.1 502.6 278.6z\"><\/path><\/svg><\/a>\n\t\t\t\t\t\t\t\t\t<\/span>\n\t\t\t\t\t\t\t<\/div><\/div><\/div>\n\n<div class=\"wp-block-uagb-container uagb-block-86efeaa6\"><div class=\"wp-block-uagb-advanced-heading uagb-block-eeeec8db\"><h3 class=\"uagb-heading-text\"><strong><a href=\"https:\/\/lindabligzna.com\/en\/metaforiskas-asociativas-kartis\/\">Metaphorical Associative Cards <\/a><\/strong><\/h3><\/div>\n\n<div class=\"wp-block-uagb-container uagb-block-71adeb5e\"><div class=\"wp-block-uagb-advanced-heading uagb-block-84a99792\"><p class=\"uagb-heading-text\">MAC or&nbsp;<strong>Metaphorical Associative Cards<\/strong>&nbsp;&nbsp;is a therapy and self-exploration method that uses visual cards with images, symbols, and words. In 1982, MAC cards were first created by German artist Ely Raman and psychotherapist Moritz Egetmeyer, who together developed the \u201cOH\u201d card deck aimed at activating both the human mind and emotions.<\/p><\/div><\/div>\n\n<div class=\"wp-block-uagb-container uag-hide-mob uagb-block-fa02bb00\"><div class=\"uagb-icon-wrapper uagb-block-25aff4b7     uag-hide-mob\"\n\t\t\tstyle=\"\" >\n\t\t\t\t\t\t\t\t\t<span class=\"uagb-svg-wrapper\" \n\t\t\t\t\t aria-label=\"arrow-right-long\"\t\t\t\t\ttabindex=\"0\">\t\t\n\t\t\t\t\t\t\t\t\t\t<a rel=\"noopener noreferrer\" href=\"https:\/\/lindabligzna.com\/en\/metaforiskas-asociativas-kartis\/\" target=\"_self\"><svg xmlns=\"https:\/\/www.w3.org\/2000\/svg\" viewbox= \"0 0 512 512\" role=\"graphics-symbol\" aria-hidden=\"false\" aria-label=\"\"><path d=\"M502.6 278.6l-128 128c-12.51 12.51-32.76 12.49-45.25 0c-12.5-12.5-12.5-32.75 0-45.25L402.8 288H32C14.31 288 0 273.7 0 255.1S14.31 224 32 224h370.8l-73.38-73.38c-12.5-12.5-12.5-32.75 0-45.25s32.75-12.5 45.25 0l128 128C515.1 245.9 515.1 266.1 502.6 278.6z\"><\/path><\/svg><\/a>\n\t\t\t\t\t\t\t\t\t<\/span>\n\t\t\t\t\t\t\t<\/div><\/div><\/div>\n\n<div class=\"wp-block-uagb-container uagb-block-2374f3a2\"><div class=\"wp-block-uagb-advanced-heading uagb-block-5052c70c\"><h3 class=\"uagb-heading-text\"><strong><a href=\"https:\/\/lindabligzna.com\/en\/gimenes-sistemiskie-sakartojumi\/\">Systemic Constellations Based on B. Hellinger\u2019s Method<\/a><\/strong><\/h3><\/div>\n\n<div class=\"wp-block-uagb-container uagb-block-53bb40be\"><div class=\"wp-block-uagb-advanced-heading uagb-block-90e7c1f1\"><p class=\"uagb-heading-text\">Bert Hellinger\u2019s method, also known as Family Systemic Constellations, is a technique developed by the German therapist Bert Hellinger, partially inspired by his experiences living and working with the Zulu tribes in South Africa. He spent approximately 16 years there as a Catholic missionary and psychotherapist, deeply immersing himself in Zulu culture and traditions. During this time, he was profoundly influenced by their sense of community, respectful attitude towards ancestors, and the belief that every individual\u2019s destiny is closely tied to the history of their family and ancestors.<\/p><\/div><\/div>\n\n<div class=\"wp-block-uagb-container uag-hide-mob uagb-block-4f3bb859\"><div class=\"uagb-icon-wrapper uagb-block-6b20013e     uag-hide-mob\"\n\t\t\tstyle=\"\" >\n\t\t\t\t\t\t\t\t\t<span class=\"uagb-svg-wrapper\" \n\t\t\t\t\t aria-label=\"arrow-right-long\"\t\t\t\t\ttabindex=\"0\">\t\t\n\t\t\t\t\t\t\t\t\t\t<a rel=\"noopener noreferrer\" href=\"https:\/\/lindabligzna.com\/en\/gimenes-sistemiskie-sakartojumi\/\" target=\"_self\"><svg xmlns=\"https:\/\/www.w3.org\/2000\/svg\" viewbox= \"0 0 512 512\" role=\"graphics-symbol\" aria-hidden=\"false\" aria-label=\"\"><path d=\"M502.6 278.6l-128 128c-12.51 12.51-32.76 12.49-45.25 0c-12.5-12.5-12.5-32.75 0-45.25L402.8 288H32C14.31 288 0 273.7 0 255.1S14.31 224 32 224h370.8l-73.38-73.38c-12.5-12.5-12.5-32.75 0-45.25s32.75-12.5 45.25 0l128 128C515.1 245.9 515.1 266.1 502.6 278.6z\"><\/path><\/svg><\/a>\n\t\t\t\t\t\t\t\t\t<\/span>\n\t\t\t\t\t\t\t<\/div><\/div><\/div><\/div><\/div><\/div><div style=\"height:66px\" aria-hidden=\"true\" class=\"wp-block-spacer uag-hide-desktop uag-hide-mob\"><\/div><div class=\"wp-block-uagb-container uagb-block-65f9d899 default uagb-is-root-container\"><div class=\"wp-block-uagb-advanced-heading uagb-block-4f51e9d7\"><h2 class=\"uagb-heading-text\">Piesakies jaunumiem un seko l\u012bdzi visiem jaunumiem Telegram kan\u0101l\u0101!<\/h2><p class=\"uagb-desc-text\"><strong>Pievienojies manam Telegram kan\u0101lam, kur regul\u0101ri public\u0113ju aktu\u0101lus jaunumus, padomus un iedvesmojo\u0161u saturu. Tur tu atrad\u012bsi personaliz\u0113tu inform\u0101ciju un v\u0113rt\u012bgus ieteikumus, kas pal\u012bdz\u0113s atrast tev vispiem\u0113rot\u0101kos risin\u0101jumus.<\/strong><\/p><\/div>\n\n<div style=\"height:10px\" aria-hidden=\"true\" class=\"wp-block-spacer\"><\/div>\n\n<div class=\"wp-block-uagb-container uagb-block-07d7fd7b\"><div class=\"wp-block-buttons is-content-justification-center is-layout-flex wp-container-core-buttons-is-layout-a89b3969 wp-block-buttons-is-layout-flex\"><div class=\"wp-block-button has-custom-width wp-block-button__width-100\"><a class=\"wp-block-button__link has-ast-global-color-4-color has-text-color has-link-color has-border-color has-ast-global-color-4-border-color wp-element-button\" href=\"https:\/\/t.me\/+xrJH9TOA4RowYWZk\">Pievienoties<\/a><\/div><\/div><\/div><\/div><p><\/p>","protected":false},"excerpt":{"rendered":"<p>Pakalpojumi Hercu terapija&nbsp; T\u0101 ir terapijas forma, kas izmanto da\u017e\u0101du frekven\u010du ska\u0146as, kuras rada \u012bpa\u0161as ier\u012bces vai instrumenti. Hercu terapija [&hellip;]<\/p>","protected":false},"author":2,"featured_media":0,"parent":0,"menu_order":0,"comment_status":"closed","ping_status":"closed","template":"","meta":{"_uag_custom_page_level_css":"","site-sidebar-layout":"default","site-content-layout":"page-builder","ast-site-content-layout":"full-width-container","site-content-style":"unboxed","site-sidebar-style":"unboxed","ast-global-header-display":"","ast-banner-title-visibility":"","ast-main-header-display":"","ast-hfb-above-header-display":"","ast-hfb-below-header-display":"","ast-hfb-mobile-header-display":"","site-post-title":"disabled","ast-breadcrumbs-content":"","ast-featured-img":"","footer-sml-layout":"","theme-transparent-header-meta":"enabled","adv-header-id-meta":"","stick-header-meta":"","header-above-stick-meta":"","header-main-stick-meta":"","header-below-stick-meta":"","astra-migrate-meta-layouts":"set","ast-page-background-enabled":"default","ast-page-background-meta":{"desktop":{"background-color":"","background-image":"","background-repeat":"repeat","background-position":"center center","background-size":"auto","background-attachment":"scroll","background-type":"","background-media":"","overlay-type":"","overlay-color":"","overlay-opacity":"","overlay-gradient":""},"tablet":{"background-color":"","background-image":"","background-repeat":"repeat","background-position":"center center","background-size":"auto","background-attachment":"scroll","background-type":"","background-media":"","overlay-type":"","overlay-color":"","overlay-opacity":"","overlay-gradient":""},"mobile":{"background-color":"","background-image":"","background-repeat":"repeat","background-position":"center center","background-size":"auto","background-attachment":"scroll","background-type":"","background-media":"","overlay-type":"","overlay-color":"","overlay-opacity":"","overlay-gradient":""}},"ast-content-background-meta":{"desktop":{"background-color":"var(--ast-global-color-5)","background-image":"","background-repeat":"repeat","background-position":"center center","background-size":"auto","background-attachment":"scroll","background-type":"","background-media":"","overlay-type":"","overlay-color":"","overlay-opacity":"","overlay-gradient":""},"tablet":{"background-color":"var(--ast-global-color-5)","background-image":"","background-repeat":"repeat","background-position":"center center","background-size":"auto","background-attachment":"scroll","background-type":"","background-media":"","overlay-type":"","overlay-color":"","overlay-opacity":"","overlay-gradient":""},"mobile":{"background-color":"var(--ast-global-color-5)","background-image":"","background-repeat":"repeat","background-position":"center center","background-size":"auto","background-attachment":"scroll","background-type":"","background-media":"","overlay-type":"","overlay-color":"","overlay-opacity":"","overlay-gradient":""}},"footnotes":""},"class_list":["post-1195","page","type-page","status-publish","hentry"],"jetpack_sharing_enabled":true,"uagb_featured_image_src":{"full":false,"thumbnail":false,"medium":false,"medium_large":false,"large":false,"1536x1536":false,"2048x2048":false,"trp-custom-language-flag":false,"woocommerce_thumbnail":false,"woocommerce_single":false,"woocommerce_gallery_thumbnail":false},"uagb_author_info":{"display_name":"patricija","author_link":"https:\/\/lindabligzna.com\/en\/author\/patricija\/"},"uagb_comment_info":0,"uagb_excerpt":"Pakalpojumi Hercu terapija&nbsp; T\u0101 ir terapijas forma, kas izmanto da\u017e\u0101du frekven\u010du ska\u0146as, kuras rada \u012bpa\u0161as ier\u012bces vai instrumenti. Hercu terapija [&hellip;]","_links":{"self":[{"href":"https:\/\/lindabligzna.com\/en\/wp-json\/wp\/v2\/pages\/1195","targetHints":{"allow":["GET"]}}],"collection":[{"href":"https:\/\/lindabligzna.com\/en\/wp-json\/wp\/v2\/pages"}],"about":[{"href":"https:\/\/lindabligzna.com\/en\/wp-json\/wp\/v2\/types\/page"}],"author":[{"embeddable":true,"href":"https:\/\/lindabligzna.com\/en\/wp-json\/wp\/v2\/users\/2"}],"replies":[{"embeddable":true,"href":"https:\/\/lindabligzna.com\/en\/wp-json\/wp\/v2\/comments?post=1195"}],"version-history":[{"count":100,"href":"https:\/\/lindabligzna.com\/en\/wp-json\/wp\/v2\/pages\/1195\/revisions"}],"predecessor-version":[{"id":5411,"href":"https:\/\/lindabligzna.com\/en\/wp-json\/wp\/v2\/pages\/1195\/revisions\/5411"}],"wp:attachment":[{"href":"https:\/\/lindabligzna.com\/en\/wp-json\/wp\/v2\/media?parent=1195"}],"curies":[{"name":"wp","href":"https:\/\/api.w.org\/{rel}","templated":true}]}}