{"id":1199,"date":"2023-05-30T17:47:25","date_gmt":"2023-05-30T17:47:25","guid":{"rendered":"https:\/\/lindabligzna.com\/contact\/"},"modified":"2025-11-07T13:40:47","modified_gmt":"2025-11-07T13:40:47","slug":"kontakti","status":"publish","type":"page","link":"https:\/\/lindabligzna.com\/en\/kontakti\/","title":{"rendered":"Contact"},"content":{"rendered":"<div class=\"wp-block-uagb-container uag-blocks-common-selector uagb-block-c18e8585 alignfull uagb-is-root-container\"><div class=\"uagb-container-inner-blocks-wrap\"><div style=\"height:120px\" aria-hidden=\"true\" class=\"wp-block-spacer\"><\/div>\n\n<div class=\"wp-block-uagb-advanced-heading uagb-block-9150e4f6 uag-hide-mob\"><h6 class=\"uagb-heading-text\">If You Still Have Questions,<\/h6><\/div>\n\n<div class=\"wp-block-uagb-advanced-heading uagb-block-bc8dd8f4\"><h1 class=\"uagb-heading-text\">Contact Me<\/h1><p class=\"uagb-desc-text\">If you want to learn more about the sessions I offer or discuss how I can help you personally, don\u2019t hesitate to reach out! I\u2019m here to answer your questions and help you choose the best path toward your inner balance and harmony.<\/p><\/div>\n\n<div class=\"wp-block-uagb-icon-list uagb-block-cbe8656d\"><div class=\"uagb-icon-list__wrap\"><div class=\"wp-block-uagb-icon-list-child uagb-block-03559404\"><span class=\"uagb-icon-list__source-wrap\"><svg xmlns=\"https:\/\/www.w3.org\/2000\/svg\" viewbox=\"0 0 384 512\"><path d=\"M168.3 499.2C116.1 435 0 279.4 0 192C0 85.96 85.96 0 192 0C298 0 384 85.96 384 192C384 279.4 267 435 215.7 499.2C203.4 514.5 180.6 514.5 168.3 499.2H168.3zM192 256C227.3 256 256 227.3 256 192C256 156.7 227.3 128 192 128C156.7 128 128 156.7 128 192C128 227.3 156.7 256 192 256z\"><\/path><\/svg><\/span><span class=\"uagb-icon-list__label\">Madona, Latvija<\/span><\/div>\n\n<div class=\"wp-block-uagb-icon-list-child uagb-block-27cd4d7f\"><span class=\"uagb-icon-list__source-wrap\"><svg xmlns=\"https:\/\/www.w3.org\/2000\/svg\" viewbox=\"0 0 512 512\"><path d=\"M18.92 351.2l108.5-46.52c12.78-5.531 27.77-1.801 36.45 8.98l44.09 53.82c69.25-34 125.5-90.31 159.5-159.5l-53.81-44.04c-10.75-8.781-14.41-23.69-8.974-36.47l46.51-108.5c6.094-13.91 21.1-21.52 35.79-18.11l100.8 23.25c14.25 3.25 24.22 15.8 24.22 30.46c0 252.3-205.2 457.5-457.5 457.5c-14.67 0-27.18-9.968-30.45-24.22l-23.25-100.8C-2.571 372.4 5.018 357.2 18.92 351.2z\"><\/path><\/svg><\/span><span class=\"uagb-icon-list__label\">+371 24505030<\/span><\/div>\n\n<div class=\"wp-block-uagb-icon-list-child uagb-block-3383e1c8\"><span class=\"uagb-icon-list__source-wrap\"><svg xmlns=\"https:\/\/www.w3.org\/2000\/svg\" viewbox=\"0 0 512 512\"><path d=\"M464 64C490.5 64 512 85.49 512 112C512 127.1 504.9 141.3 492.8 150.4L275.2 313.6C263.8 322.1 248.2 322.1 236.8 313.6L19.2 150.4C7.113 141.3 0 127.1 0 112C0 85.49 21.49 64 48 64H464zM217.6 339.2C240.4 356.3 271.6 356.3 294.4 339.2L512 176V384C512 419.3 483.3 448 448 448H64C28.65 448 0 419.3 0 384V176L217.6 339.2z\"><\/path><\/svg><\/span><span class=\"uagb-icon-list__label\">info@lindabligzna.com<\/span><\/div><\/div><\/div>\n\n<div style=\"height:51px\" aria-hidden=\"true\" class=\"wp-block-spacer uag-hide-tab uag-hide-mob\"><\/div>\n\n<div class=\"wp-block-uagb-container uagb-block-d6c91a3a\"><div class=\"wp-block-uagb-container uagb-block-305e45ab\"><div style=\"height:58px\" aria-hidden=\"true\" class=\"wp-block-spacer uag-hide-desktop uag-hide-tab\"><\/div>\n\n<div \n\t\t\tclass=\"wp-block-uagb-google-map uagb-google-map__wrap uagb-block-48c2e249\"\n\t\t\tstyle=\"\" >\n\t\t\t\t<embed\n\t\t\t\t\tclass=\"uagb-google-map__iframe\"\n\t\t\t\t\ttitle=\"Google Map for \"\n\t\t\t\t\tsrc=\"https:\/\/maps.google.com\/maps?q=R%C4%ABga&#038;z=13&#038;hl=en&#038;t=m&#038;output=embed&#038;iwloc=near\"\n\t\t\t\t\twidth=\"640\"\n\t\t\t\t\theight=\"740\"\n\t\t\t\t\tloading=\"lazy\"\n\t\t\t\t><\/embed>\n\t\t\t<\/div>\n\n<div style=\"height:88px\" aria-hidden=\"true\" class=\"wp-block-spacer\"><\/div><\/div>\n\n<div class=\"wp-block-uagb-container uagb-block-70610f58\"><div style=\"height:215px\" aria-hidden=\"true\" class=\"wp-block-spacer uag-hide-tab uag-hide-mob\"><\/div>\n\n<div class=\"wp-block-uagb-advanced-heading uagb-block-5289938c\"><h2 class=\"uagb-heading-text\">Feel Free to Write!<\/h2><\/div>\n\n<div class=\"wp-block-jetpack-send-a-message\"><div class=\"wp-block-jetpack-whatsapp-button is-color-dark\"><a class=\"whatsapp-block__button\" href=\"https:\/\/api.whatsapp.com\/send?phone=37124505030&amp;text=Sveika!%20V%C4%93l%C4%93jos%20pieteikties%20uz...\" style=\"background-color:#25D366;color:#fff\" target=\"_self\" rel=\"noopener noreferrer\">Sazin\u0101ties<\/a><\/div><\/div><\/div><\/div><\/div><\/div><div class=\"wp-block-uagb-container uagb-block-65f9d899 default uagb-is-root-container\"><div class=\"wp-block-uagb-advanced-heading uagb-block-4f51e9d7\"><h2 class=\"uagb-heading-text\">Piesakies jaunumiem un seko l\u012bdzi visiem jaunumiem Telegram kan\u0101l\u0101!<\/h2><p class=\"uagb-desc-text\"><strong>Pievienojies manam Telegram kan\u0101lam, kur regul\u0101ri public\u0113ju aktu\u0101lus jaunumus, padomus un iedvesmojo\u0161u saturu. Tur tu atrad\u012bsi personaliz\u0113tu inform\u0101ciju un v\u0113rt\u012bgus ieteikumus, kas pal\u012bdz\u0113s atrast tev vispiem\u0113rot\u0101kos risin\u0101jumus.<\/strong><\/p><\/div>\n\n<div style=\"height:10px\" aria-hidden=\"true\" class=\"wp-block-spacer\"><\/div>\n\n<div class=\"wp-block-uagb-container uagb-block-07d7fd7b\"><div class=\"wp-block-buttons is-content-justification-center is-layout-flex wp-container-core-buttons-is-layout-a89b3969 wp-block-buttons-is-layout-flex\"><div class=\"wp-block-button has-custom-width wp-block-button__width-100\"><a class=\"wp-block-button__link has-ast-global-color-4-color has-text-color has-link-color has-border-color has-ast-global-color-4-border-color wp-element-button\" href=\"https:\/\/t.me\/+xrJH9TOA4RowYWZk\">Pievienoties<\/a><\/div><\/div><\/div><\/div>","protected":false},"excerpt":{"rendered":"<p>Ja ir v\u0113l neskaidr\u012bbas, Sazinies ar mani Ja v\u0113lies uzzin\u0101t vair\u0101k par pied\u0101v\u0101taj\u0101m sesij\u0101m vai apspriest, k\u0101 varu pal\u012bdz\u0113t tie\u0161i [&hellip;]<\/p>","protected":false},"author":2,"featured_media":0,"parent":0,"menu_order":0,"comment_status":"closed","ping_status":"closed","template":"","meta":{"_uag_custom_page_level_css":"","site-sidebar-layout":"default","site-content-layout":"page-builder","ast-site-content-layout":"full-width-container","site-content-style":"unboxed","site-sidebar-style":"unboxed","ast-global-header-display":"","ast-banner-title-visibility":"","ast-main-header-display":"","ast-hfb-above-header-display":"","ast-hfb-below-header-display":"","ast-hfb-mobile-header-display":"","site-post-title":"disabled","ast-breadcrumbs-content":"","ast-featured-img":"","footer-sml-layout":"","theme-transparent-header-meta":"enabled","adv-header-id-meta":"","stick-header-meta":"","header-above-stick-meta":"","header-main-stick-meta":"","header-below-stick-meta":"","astra-migrate-meta-layouts":"set","ast-page-background-enabled":"default","ast-page-background-meta":{"desktop":{"background-color":"","background-image":"","background-repeat":"repeat","background-position":"center center","background-size":"auto","background-attachment":"scroll","background-type":"","background-media":"","overlay-type":"","overlay-color":"","overlay-opacity":"","overlay-gradient":""},"tablet":{"background-color":"","background-image":"","background-repeat":"repeat","background-position":"center center","background-size":"auto","background-attachment":"scroll","background-type":"","background-media":"","overlay-type":"","overlay-color":"","overlay-opacity":"","overlay-gradient":""},"mobile":{"background-color":"","background-image":"","background-repeat":"repeat","background-position":"center center","background-size":"auto","background-attachment":"scroll","background-type":"","background-media":"","overlay-type":"","overlay-color":"","overlay-opacity":"","overlay-gradient":""}},"ast-content-background-meta":{"desktop":{"background-color":"var(--ast-global-color-5)","background-image":"","background-repeat":"repeat","background-position":"center center","background-size":"auto","background-attachment":"scroll","background-type":"","background-media":"","overlay-type":"","overlay-color":"","overlay-opacity":"","overlay-gradient":""},"tablet":{"background-color":"var(--ast-global-color-5)","background-image":"","background-repeat":"repeat","background-position":"center center","background-size":"auto","background-attachment":"scroll","background-type":"","background-media":"","overlay-type":"","overlay-color":"","overlay-opacity":"","overlay-gradient":""},"mobile":{"background-color":"var(--ast-global-color-5)","background-image":"","background-repeat":"repeat","background-position":"center center","background-size":"auto","background-attachment":"scroll","background-type":"","background-media":"","overlay-type":"","overlay-color":"","overlay-opacity":"","overlay-gradient":""}},"footnotes":""},"class_list":["post-1199","page","type-page","status-publish","hentry"],"jetpack_sharing_enabled":true,"uagb_featured_image_src":{"full":false,"thumbnail":false,"medium":false,"medium_large":false,"large":false,"1536x1536":false,"2048x2048":false,"trp-custom-language-flag":false,"woocommerce_thumbnail":false,"woocommerce_single":false,"woocommerce_gallery_thumbnail":false},"uagb_author_info":{"display_name":"patricija","author_link":"https:\/\/lindabligzna.com\/en\/author\/patricija\/"},"uagb_comment_info":0,"uagb_excerpt":"Ja ir v\u0113l neskaidr\u012bbas, Sazinies ar mani Ja v\u0113lies uzzin\u0101t vair\u0101k par pied\u0101v\u0101taj\u0101m sesij\u0101m vai apspriest, k\u0101 varu pal\u012bdz\u0113t tie\u0161i [&hellip;]","_links":{"self":[{"href":"https:\/\/lindabligzna.com\/en\/wp-json\/wp\/v2\/pages\/1199","targetHints":{"allow":["GET"]}}],"collection":[{"href":"https:\/\/lindabligzna.com\/en\/wp-json\/wp\/v2\/pages"}],"about":[{"href":"https:\/\/lindabligzna.com\/en\/wp-json\/wp\/v2\/types\/page"}],"author":[{"embeddable":true,"href":"https:\/\/lindabligzna.com\/en\/wp-json\/wp\/v2\/users\/2"}],"replies":[{"embeddable":true,"href":"https:\/\/lindabligzna.com\/en\/wp-json\/wp\/v2\/comments?post=1199"}],"version-history":[{"count":69,"href":"https:\/\/lindabligzna.com\/en\/wp-json\/wp\/v2\/pages\/1199\/revisions"}],"predecessor-version":[{"id":5440,"href":"https:\/\/lindabligzna.com\/en\/wp-json\/wp\/v2\/pages\/1199\/revisions\/5440"}],"wp:attachment":[{"href":"https:\/\/lindabligzna.com\/en\/wp-json\/wp\/v2\/media?parent=1199"}],"curies":[{"name":"wp","href":"https:\/\/api.w.org\/{rel}","templated":true}]}}