{"id":3851,"date":"2024-10-30T11:19:02","date_gmt":"2024-10-30T11:19:02","guid":{"rendered":"https:\/\/lindabligzna.com\/?page_id=3851"},"modified":"2025-11-07T13:16:24","modified_gmt":"2025-11-07T13:16:24","slug":"hercu-terapija","status":"publish","type":"page","link":"https:\/\/lindabligzna.com\/en\/hercu-terapija\/","title":{"rendered":"Heart Therapy\u00a0"},"content":{"rendered":"<div class=\"wp-block-uagb-container uag-blocks-common-selector uagb-block-ba4992ef alignfull uagb-is-root-container\"><div class=\"uagb-container-inner-blocks-wrap\"><div style=\"height:148px\" aria-hidden=\"true\" class=\"wp-block-spacer uag-hide-desktop uag-hide-tab\"><\/div>\n\n<div class=\"wp-block-uagb-advanced-heading uagb-block-5b385b7f\"><h1 class=\"uagb-heading-text\"><strong>Heart Therapy<\/strong>&nbsp;<\/h1><\/div>\n\n<div class=\"wp-block-uagb-advanced-heading uagb-block-5c92fb33\"><p class=\"uagb-heading-text\"><strong>With the help of Heart Therapy, the body and mind enter a state of deep relaxation through the use of sound and vibrations. This method helps balance energy, restore vitality, and promote emotional well-being. Sound frequencies work on all levels\u2014physical, etheric, and mental\u2014allowing the individual to experience harmony and peace.<\/strong><\/p><\/div>\n\n<div style=\"height:52px\" aria-hidden=\"true\" class=\"wp-block-spacer uag-hide-mob\"><\/div>\n\n<div class=\"wp-block-uagb-container uagb-block-87dbfa4a\"><div class=\"wp-block-uagb-container uagb-block-33ba380d\"><div class=\"wp-block-uagb-advanced-heading uagb-block-84beda97 uag-hide-mob\"><h2 class=\"uagb-heading-text\"><strong>Heart Therapy<\/strong>&nbsp;<\/h2><\/div><\/div>\n\n<div class=\"wp-block-uagb-container uagb-block-810ce5d0\"><div class=\"wp-block-uagb-buttons uagb-buttons__outer-wrap uagb-btn__default-btn uagb-btn-tablet__default-btn uagb-btn-mobile__default-btn uagb-block-b59e8d46 uag-hide-mob\"><div class=\"uagb-buttons__wrap uagb-buttons-layout-wrap\"><div class=\"wp-block-uagb-buttons-child uagb-buttons__outer-wrap uagb-block-fb0bc794 wp-block-button\"><div class=\"uagb-button__wrapper\"><a class=\"uagb-buttons-repeater ast-outline-button\" aria-label=\"\" style=\"border-width:revert-layer\" href=\"https:\/\/lindabligzna.com\/en\/pieraksts-konsultacijai\/\" rel=\"follow noopener\" target=\"_self\" role=\"button\"><div class=\"uagb-button__link\">Book Your Time<\/div><\/a><\/div><\/div><\/div><\/div><\/div><\/div>\n\n<p class=\"has-ast-global-color-2-color has-text-color has-link-color wp-elements-df99d54f1415ebc264378c7508c8517b\">This therapy utilizes sound frequencies generated by special devices or instruments. Heart Therapy is based on the idea that specific frequencies (Hz) can positively impact the body, allowing it to reach a state of deep relaxation on physical, etheric, and mental levels.&nbsp;<\/p>\n\n<p><em>Hertz (Hz) is a unit of frequency that, in this context, refers to the number of oscillations or (sound) waves per second.<\/em><\/p>\n\n<p><\/p>\n\n<p><\/p>\n\n<div class=\"wp-block-uagb-advanced-heading uagb-block-9ad4bf58\"><h3 class=\"uagb-heading-text\"><strong>The Effect of Frequencies on Humans<\/strong>&nbsp;<\/h3><\/div>\n\n<p class=\"has-ast-global-color-5-color has-text-color has-link-color wp-elements-07d2f53b93fcecd37b6622b4f1380f05\">The impact of frequencies on humans has been widely studied. Different frequencies can influence our emotions, thinking, and even physical health. For example, lower frequencies are often associated with relaxation, while higher frequencies can stimulate creativity and focus. Heart Therapy helps balance energy and restore physical and emotional well-being, reducing stress and revitalizing the flow of life energy. It aids the body in self-healing, calms the mind, and allows individuals to connect with themselves and their feelings. It reduces anxiety, fosters motivation, and promotes changes that resonate throughout our entire being.<\/p>\n\n<div style=\"height:54px\" aria-hidden=\"true\" class=\"wp-block-spacer\"><\/div>\n\n<div class=\"wp-block-uagb-advanced-heading uagb-block-9d7412ac\"><h2 class=\"uagb-heading-text\">How Do Heart Therapy Sessions Work?<\/h2><\/div>\n\n<p class=\"has-ast-global-color-5-color has-text-color has-link-color wp-elements-04d5bbfec6b3915b78cf6f69ebd2c976\">&nbsp;Upon arrival at the session, the individual\u2019s needs or concerns are discussed, and a shared intention for the session is created. A suitable technique is then chosen to fulfill this intention. The person comfortably lies down on a massage table, covered with a blanket, while Himalayan singing bowls are placed on their body. Gentle taps on the edge of the bowls produce sounds and vibrations that bring the body into a deep, relaxing state. Essentially, it is a massage, but instead of a masseuse, sound vibrations provide the therapeutic effect.<\/p>\n\n<p class=\"has-ast-global-color-5-color has-text-color has-link-color wp-elements-bc7436d1ccade49cca4643e18e085008\">Sessions are conducted both individually and in groups. Group sessions primarily have a relaxing effect, while individual sessions are more therapeutic.&nbsp;<\/p>\n\n<div style=\"height:54px\" aria-hidden=\"true\" class=\"wp-block-spacer\"><\/div>\n\n<div class=\"wp-block-uagb-advanced-heading uagb-block-6def340f\"><h2 class=\"uagb-heading-text\"><strong>What Instruments Are Used in Heart Therapy?&nbsp;&nbsp;&nbsp;&nbsp;&nbsp;&nbsp;&nbsp;&nbsp;&nbsp;<\/strong><\/h2><\/div>\n\n<p class=\"has-ast-global-color-5-color has-text-color has-link-color wp-elements-fcb0759fa402d656e6f8c5c1d71a7150\">Heart Therapy utilizes planetary bowls, also known as singing bowls, which are handcrafted from an alloy of seven metals. Like humans, each bowl has its own unique character, frequency, significance, and a manufacturing certificate that verifies it has been tested and corresponds to the specified frequency.<\/p>\n\n<p class=\"has-ast-global-color-5-color has-text-color has-link-color wp-elements-478859f7b3ed8099db91d89b2ead0b03\">As a friend of mine once said after a session: \u201cIt was a massage for the soul\u2026\u201d<\/p><\/div><\/div><hr class=\"wp-block-separator has-alpha-channel-opacity is-style-wide\"\/><div style=\"height:15px\" aria-hidden=\"true\" class=\"wp-block-spacer\"><\/div><div class=\"wp-block-uagb-advanced-heading uagb-block-83bf5be5\"><h3 class=\"uagb-heading-text\"><strong>Price List<\/strong><\/h3><\/div><div style=\"height:28px\" aria-hidden=\"true\" class=\"wp-block-spacer\"><\/div><div class=\"wp-block-uagb-restaurant-menu uagb-block-26ce2e2c uagb-rm__desk-column-1 uagb-rm__tablet-column-1 uagb-rm__mobile-column-1\"><div class=\"wp-block-uagb-restaurant-menu-child uagb-rest_menu__wrap\"><div class=\"uagb-rm__content\"><div class=\"uagb-rm-details\"><h4 class=\"uagb-rm__title\"><strong>Heart Therapy Individual Session <\/strong><\/h4><div class=\"uagb-rm__desc\"><\/div><span class=\"uagb-rm__price\"><strong> 35\u20ac<\/strong>\/60min<\/span><\/div><\/div><div class=\"uagb-rm__separator\"><\/div><\/div>\n\n<div class=\"wp-block-uagb-restaurant-menu-child uagb-rest_menu__wrap\"><div class=\"uagb-rm__content\"><div class=\"uagb-rm-details\"><h4 class=\"uagb-rm__title\"><strong>Heart Therapy Individual Session<\/strong><\/h4><div class=\"uagb-rm__desc\">with Metaphorical Associative Cards for a deeper exploration of the issue. <\/div><span class=\"uagb-rm__price\"><strong> 50\u20ac<\/strong>\/90min<\/span><\/div><\/div><div class=\"uagb-rm__separator\"><\/div><\/div>\n\n<div class=\"wp-block-uagb-restaurant-menu-child uagb-rest_menu__wrap\"><div class=\"uagb-rm__content\"><div class=\"uagb-rm-details\"><h4 class=\"uagb-rm__title\"><strong>Group Sessions and Events-  Including travel to various events<\/strong><\/h4><div class=\"uagb-rm__desc\">(corporate gatherings, private celebrations, and other occasions).<\/div><span class=\"uagb-rm__price\"><sup><strong>Upon prior arrangement<\/strong><\/sup><\/span><\/div><\/div><div class=\"uagb-rm__separator\"><\/div><\/div><\/div><div style=\"height:15px\" aria-hidden=\"true\" class=\"wp-block-spacer\"><\/div><div class=\"wp-block-buttons has-custom-font-size has-medium-font-size is-content-justification-center is-layout-flex wp-container-core-buttons-is-layout-a89b3969 wp-block-buttons-is-layout-flex\"><div class=\"wp-block-button has-custom-width wp-block-button__width-50 is-style-outline is-style-outline--1\"><a class=\"wp-block-button__link has-custom-font-size wp-element-button\" href=\"https:\/\/lindabligzna.com\/en\/pieraksts-konsultacijai\/\" style=\"font-size:0px\"><strong>Sign Up<\/strong><\/a><\/div><\/div><hr class=\"wp-block-separator has-alpha-channel-opacity is-style-wide\"\/><div style=\"height:50px\" aria-hidden=\"true\" class=\"wp-block-spacer uag-hide-desktop uag-hide-mob\"><\/div><div style=\"height:20px\" aria-hidden=\"true\" class=\"wp-block-spacer uag-hide-tab\"><\/div><div class=\"wp-block-uagb-image aligncenter uagb-block-e2fafb38 wp-block-uagb-image--layout-default wp-block-uagb-image--effect-static wp-block-uagb-image--align-center\"><figure class=\"wp-block-uagb-image__figure\"><img decoding=\"async\" srcset=\"https:\/\/lindabligzna.com\/wp-content\/uploads\/2024\/12\/hercu-1024x720.jpg ,https:\/\/lindabligzna.com\/wp-content\/uploads\/2024\/12\/hercu-1024x720.jpg 780w, https:\/\/lindabligzna.com\/wp-content\/uploads\/2024\/12\/hercu.jpg 360w\" sizes=\"auto, (max-width: 480px) 150px\" src=\"https:\/\/lindabligzna.com\/wp-content\/uploads\/2024\/12\/hercu-1024x720.jpg\" alt=\"\" class=\"uag-image-4286\" width=\"500\" height=\"900\" title=\"hercu\" loading=\"lazy\" role=\"img\"\/><\/figure><\/div><div style=\"height:40px\" aria-hidden=\"true\" class=\"wp-block-spacer uag-hide-desktop\"><\/div><div class=\"wp-block-uagb-container uagb-block-c80c7123 alignfull uagb-is-root-container\"><div class=\"uagb-container-inner-blocks-wrap\"><div class=\"wp-block-uagb-container uagb-block-de77ed95\"><div class=\"wp-block-uagb-advanced-heading uagb-block-309e79ff\"><h2 class=\"uagb-heading-text\">Blogs<\/h2><\/div><\/div>\n\n<div class=\"wp-block-uagb-container uagb-block-9c570f57\"><div class=\"wp-block-uagb-advanced-heading uagb-block-99a0ed6a\"><div class=\"uagb-separator\"><\/div><p class=\"uagb-heading-text\">Want to Learn More? Read the Blogs!<\/p><\/div><\/div><\/div><\/div><div class=\"wp-block-uagb-container uagb-block-55a2491b alignfull uagb-is-root-container\"><div class=\"uagb-container-inner-blocks-wrap\"><div class=\"wp-block-uagb-post-grid uagb-post-grid page-blog-block uagb-post__image-position-top uagb-post__image-enabled uagb-block-5667549c     uagb-post__items uagb-post__columns-3 is-grid uagb-post__columns-tablet-2 uagb-post__columns-mobile-1 uagb-post__equal-height\" data-total=\"1\" style=\"\">\n\n\t\t\t\t\t\t\t\t\t\t\t\t<article class=\"uagb-post__inner-wrap\">\t\t\t\t\t\t\t\t<h4 class=\"uagb-post__title uagb-post__text\">\n\t\t\t\t<a href=\"https:\/\/lindabligzna.com\/en\/2025\/05\/31\/kas-ir-tavi-kontaktbrizi\/\" target=\"_self\" rel=\"bookmark noopener noreferrer\">When do you feel truly connected?<\/a>\n\t\t\t<\/h4>\n\t\t\t\t\t\t<div class='uagb-post__text uagb-post-grid-byline'>\n\t\t\t\t\t\t\t<\/div>\n\t\t\t\t\t\t<div class=\"uagb-post__text uagb-post__cta wp-block-button\">\n\t\t\t\t<a class=\"wp-block-button__link uagb-text-link\" style=\"\" href=\"https:\/\/lindabligzna.com\/en\/2025\/05\/31\/kas-ir-tavi-kontaktbrizi\/\" target=\"_self\" rel=\"bookmark noopener noreferrer\">Read more <\/a>\n\t\t\t<\/div>\n\t\t\t\n\t\t\t\t\t\t\t\t\t<\/article>\n\t\t\t\t\t\t\t\t\t\t\t\t\t\t\t\t<article class=\"uagb-post__inner-wrap\">\t\t\t\t\t\t\t\t<h4 class=\"uagb-post__title uagb-post__text\">\n\t\t\t\t<a href=\"https:\/\/lindabligzna.com\/en\/2025\/04\/30\/neticigais-tinis-3-pilzenes-alini-un-dievs\/\" target=\"_self\" rel=\"bookmark noopener noreferrer\">THE SKEPTICAL TEEN. 3 PILSNER BEERS AND GOD.<\/a>\n\t\t\t<\/h4>\n\t\t\t\t\t\t<div class='uagb-post__text uagb-post-grid-byline'>\n\t\t\t\t\t\t\t<\/div>\n\t\t\t\t\t\t<div class=\"uagb-post__text uagb-post__cta wp-block-button\">\n\t\t\t\t<a class=\"wp-block-button__link uagb-text-link\" style=\"\" href=\"https:\/\/lindabligzna.com\/en\/2025\/04\/30\/neticigais-tinis-3-pilzenes-alini-un-dievs\/\" target=\"_self\" rel=\"bookmark noopener noreferrer\">Read more <\/a>\n\t\t\t<\/div>\n\t\t\t\n\t\t\t\t\t\t\t\t\t<\/article>\n\t\t\t\t\t\t\t\t\t\t\t\t\t\t\t\t<article class=\"uagb-post__inner-wrap\">\t\t\t\t\t\t\t\t<div class='uagb-post__image'>\n\t\t\t\t\t\t\t\t\t<a href=\"https:\/\/lindabligzna.com\/en\/2024\/09\/07\/ipasums-ka-simbols\/\" target=\"_self\" rel=\"bookmark noopener noreferrer\" class='uagb-image-ratio-inherit'><img loading=\"lazy\" decoding=\"async\" width=\"1024\" height=\"908\" src=\"https:\/\/lindabligzna.com\/wp-content\/uploads\/2024\/09\/IPASUMS-KA-SIMBOLS-1.png\" class=\"attachment-large size-large\" alt=\"\" srcset=\"https:\/\/lindabligzna.com\/wp-content\/uploads\/2024\/09\/IPASUMS-KA-SIMBOLS-1.png 1024w, https:\/\/lindabligzna.com\/wp-content\/uploads\/2024\/09\/IPASUMS-KA-SIMBOLS-1-300x266.png 300w, https:\/\/lindabligzna.com\/wp-content\/uploads\/2024\/09\/IPASUMS-KA-SIMBOLS-1-768x681.png 768w, https:\/\/lindabligzna.com\/wp-content\/uploads\/2024\/09\/IPASUMS-KA-SIMBOLS-1-14x12.png 14w, https:\/\/lindabligzna.com\/wp-content\/uploads\/2024\/09\/IPASUMS-KA-SIMBOLS-1-600x532.png 600w\" sizes=\"auto, (max-width: 1024px) 100vw, 1024px\" \/>\t\t\t\t\t<\/a>\n\t\t\t\t\t\t\t<\/div>\n\t\t\t\t\t\t<h4 class=\"uagb-post__title uagb-post__text\">\n\t\t\t\t<a href=\"https:\/\/lindabligzna.com\/en\/2024\/09\/07\/ipasums-ka-simbols\/\" target=\"_self\" rel=\"bookmark noopener noreferrer\">PROPERTY AS A SYMBOL<\/a>\n\t\t\t<\/h4>\n\t\t\t\t\t\t<div class='uagb-post__text uagb-post-grid-byline'>\n\t\t\t\t\t\t\t<\/div>\n\t\t\t\t\t\t<div class=\"uagb-post__text uagb-post__cta wp-block-button\">\n\t\t\t\t<a class=\"wp-block-button__link uagb-text-link\" style=\"\" href=\"https:\/\/lindabligzna.com\/en\/2024\/09\/07\/ipasums-ka-simbols\/\" target=\"_self\" rel=\"bookmark noopener noreferrer\">Read more <\/a>\n\t\t\t<\/div>\n\t\t\t\n\t\t\t\t\t\t\t\t\t<\/article>\n\t\t\t\t\t\t\t\t\t\t\t<\/div><\/div><\/div><div class=\"wp-block-uagb-container uagb-block-65f9d899 default uagb-is-root-container\"><div class=\"wp-block-uagb-advanced-heading uagb-block-4f51e9d7\"><h2 class=\"uagb-heading-text\">Piesakies jaunumiem un seko l\u012bdzi visiem jaunumiem Telegram kan\u0101l\u0101!<\/h2><p class=\"uagb-desc-text\"><strong>Pievienojies manam Telegram kan\u0101lam, kur regul\u0101ri public\u0113ju aktu\u0101lus jaunumus, padomus un iedvesmojo\u0161u saturu. Tur tu atrad\u012bsi personaliz\u0113tu inform\u0101ciju un v\u0113rt\u012bgus ieteikumus, kas pal\u012bdz\u0113s atrast tev vispiem\u0113rot\u0101kos risin\u0101jumus.<\/strong><\/p><\/div>\n\n<div style=\"height:10px\" aria-hidden=\"true\" class=\"wp-block-spacer\"><\/div>\n\n<div class=\"wp-block-uagb-container uagb-block-07d7fd7b\"><div class=\"wp-block-buttons is-content-justification-center is-layout-flex wp-container-core-buttons-is-layout-a89b3969 wp-block-buttons-is-layout-flex\"><div class=\"wp-block-button has-custom-width wp-block-button__width-100\"><a class=\"wp-block-button__link has-ast-global-color-4-color has-text-color has-link-color has-border-color has-ast-global-color-4-border-color wp-element-button\" href=\"https:\/\/t.me\/+xrJH9TOA4RowYWZk\">Pievienoties<\/a><\/div><\/div><\/div><\/div>","protected":false},"excerpt":{"rendered":"<p>Hercu terapija&nbsp; Ar Hercu terapijas pal\u012bdz\u012bbu \u0137ermenis un pr\u0101ts non\u0101k dzi\u013c\u0101 relaks\u0101cij\u0101, izmantojot ska\u0146as un vibr\u0101cijas. \u0160\u012b metode pal\u012bdz l\u012bdzsvarot [&hellip;]<\/p>","protected":false},"author":2,"featured_media":0,"parent":0,"menu_order":0,"comment_status":"closed","ping_status":"closed","template":"","meta":{"_uag_custom_page_level_css":"","site-sidebar-layout":"default","site-content-layout":"page-builder","ast-site-content-layout":"full-width-container","site-content-style":"unboxed","site-sidebar-style":"unboxed","ast-global-header-display":"","ast-banner-title-visibility":"","ast-main-header-display":"","ast-hfb-above-header-display":"","ast-hfb-below-header-display":"","ast-hfb-mobile-header-display":"","site-post-title":"disabled","ast-breadcrumbs-content":"","ast-featured-img":"","footer-sml-layout":"","theme-transparent-header-meta":"enabled","adv-header-id-meta":"","stick-header-meta":"","header-above-stick-meta":"","header-main-stick-meta":"","header-below-stick-meta":"","astra-migrate-meta-layouts":"set","ast-page-background-enabled":"default","ast-page-background-meta":{"desktop":{"background-color":"","background-image":"","background-repeat":"repeat","background-position":"center center","background-size":"auto","background-attachment":"scroll","background-type":"","background-media":"","overlay-type":"","overlay-color":"","overlay-opacity":"","overlay-gradient":""},"tablet":{"background-color":"","background-image":"","background-repeat":"repeat","background-position":"center center","background-size":"auto","background-attachment":"scroll","background-type":"","background-media":"","overlay-type":"","overlay-color":"","overlay-opacity":"","overlay-gradient":""},"mobile":{"background-color":"","background-image":"","background-repeat":"repeat","background-position":"center center","background-size":"auto","background-attachment":"scroll","background-type":"","background-media":"","overlay-type":"","overlay-color":"","overlay-opacity":"","overlay-gradient":""}},"ast-content-background-meta":{"desktop":{"background-color":"var(--ast-global-color-5)","background-image":"","background-repeat":"repeat","background-position":"center center","background-size":"auto","background-attachment":"scroll","background-type":"","background-media":"","overlay-type":"","overlay-color":"","overlay-opacity":"","overlay-gradient":""},"tablet":{"background-color":"var(--ast-global-color-5)","background-image":"","background-repeat":"repeat","background-position":"center center","background-size":"auto","background-attachment":"scroll","background-type":"","background-media":"","overlay-type":"","overlay-color":"","overlay-opacity":"","overlay-gradient":""},"mobile":{"background-color":"var(--ast-global-color-5)","background-image":"","background-repeat":"repeat","background-position":"center center","background-size":"auto","background-attachment":"scroll","background-type":"","background-media":"","overlay-type":"","overlay-color":"","overlay-opacity":"","overlay-gradient":""}},"footnotes":""},"class_list":["post-3851","page","type-page","status-publish","hentry"],"jetpack_sharing_enabled":true,"uagb_featured_image_src":{"full":false,"thumbnail":false,"medium":false,"medium_large":false,"large":false,"1536x1536":false,"2048x2048":false,"trp-custom-language-flag":false,"woocommerce_thumbnail":false,"woocommerce_single":false,"woocommerce_gallery_thumbnail":false},"uagb_author_info":{"display_name":"patricija","author_link":"https:\/\/lindabligzna.com\/en\/author\/patricija\/"},"uagb_comment_info":0,"uagb_excerpt":"Hercu terapija&nbsp; Ar Hercu terapijas pal\u012bdz\u012bbu \u0137ermenis un pr\u0101ts non\u0101k dzi\u013c\u0101 relaks\u0101cij\u0101, izmantojot ska\u0146as un vibr\u0101cijas. \u0160\u012b metode pal\u012bdz l\u012bdzsvarot [&hellip;]","_links":{"self":[{"href":"https:\/\/lindabligzna.com\/en\/wp-json\/wp\/v2\/pages\/3851","targetHints":{"allow":["GET"]}}],"collection":[{"href":"https:\/\/lindabligzna.com\/en\/wp-json\/wp\/v2\/pages"}],"about":[{"href":"https:\/\/lindabligzna.com\/en\/wp-json\/wp\/v2\/types\/page"}],"author":[{"embeddable":true,"href":"https:\/\/lindabligzna.com\/en\/wp-json\/wp\/v2\/users\/2"}],"replies":[{"embeddable":true,"href":"https:\/\/lindabligzna.com\/en\/wp-json\/wp\/v2\/comments?post=3851"}],"version-history":[{"count":78,"href":"https:\/\/lindabligzna.com\/en\/wp-json\/wp\/v2\/pages\/3851\/revisions"}],"predecessor-version":[{"id":5414,"href":"https:\/\/lindabligzna.com\/en\/wp-json\/wp\/v2\/pages\/3851\/revisions\/5414"}],"wp:attachment":[{"href":"https:\/\/lindabligzna.com\/en\/wp-json\/wp\/v2\/media?parent=3851"}],"curies":[{"name":"wp","href":"https:\/\/api.w.org\/{rel}","templated":true}]}}