{"id":3860,"date":"2024-11-04T16:12:56","date_gmt":"2024-11-04T16:12:56","guid":{"rendered":"https:\/\/lindabligzna.com\/?page_id=3860"},"modified":"2025-11-07T13:15:51","modified_gmt":"2025-11-07T13:15:51","slug":"metaforiskas-asociativas-kartis","status":"publish","type":"page","link":"https:\/\/lindabligzna.com\/en\/metaforiskas-asociativas-kartis\/","title":{"rendered":"Metaphorical Associative Cards"},"content":{"rendered":"<div class=\"wp-block-uagb-container uag-blocks-common-selector uagb-block-ba4992ef alignfull uagb-is-root-container\"><div class=\"uagb-container-inner-blocks-wrap\"><div class=\"wp-block-group is-layout-constrained wp-block-group-is-layout-constrained\"><div class=\"wp-block-columns uag-hide-desktop uag-hide-tab is-layout-flex wp-container-core-columns-is-layout-28f84493 wp-block-columns-is-layout-flex\"><div class=\"wp-block-column is-layout-flow wp-block-column-is-layout-flow\" style=\"flex-basis:100%\"><div style=\"height:130px\" aria-hidden=\"true\" class=\"wp-block-spacer uag-hide-desktop uag-hide-tab\"><\/div><\/div><\/div><\/div>\n\n<div class=\"wp-block-uagb-advanced-heading uagb-block-5b385b7f\"><h1 class=\"uagb-heading-text\">Metaphorical Associative Cards<\/h1><\/div>\n\n<div class=\"wp-block-uagb-advanced-heading uagb-block-5c92fb33\"><p class=\"uagb-heading-text\"><strong>MAC Cards are a self-exploration and therapy method that allows individuals to understand their deepest emotions and unconscious mental processes. Using symbols and images, this method facilitates access to the subconscious, promoting inner understanding and resolving emotional challenges. MAC sessions create a safe and supportive environment where participants can explore and understand their feelings and life challenges.<\/strong><\/p><\/div>\n\n<div style=\"height:35px\" aria-hidden=\"true\" class=\"wp-block-spacer uag-hide-mob\"><\/div>\n\n<div class=\"wp-block-uagb-container uagb-block-87dbfa4a\"><div class=\"wp-block-uagb-container uagb-block-33ba380d\"><div class=\"wp-block-uagb-advanced-heading uagb-block-84beda97 uag-hide-mob\"><h3 class=\"uagb-heading-text\">METAPHORICAL ASSOCIATIVE CARDS (MAC)<\/h3><\/div><\/div>\n\n<div class=\"wp-block-uagb-container uagb-block-810ce5d0\"><div class=\"wp-block-uagb-buttons uagb-buttons__outer-wrap uagb-btn__default-btn uagb-btn-tablet__default-btn uagb-btn-mobile__default-btn uagb-block-b59e8d46 uag-hide-mob\"><div class=\"uagb-buttons__wrap uagb-buttons-layout-wrap\"><div class=\"wp-block-uagb-buttons-child uagb-buttons__outer-wrap uagb-block-fb0bc794 wp-block-button\"><div class=\"uagb-button__wrapper\"><a class=\"uagb-buttons-repeater ast-outline-button\" aria-label=\"\" style=\"border-width:revert-layer\" href=\"https:\/\/lindabligzna.com\/en\/pieraksts-konsultacijai\/\" rel=\"follow noopener\" target=\"_self\" role=\"button\"><div class=\"uagb-button__link\">Book Your Time<\/div><\/a><\/div><\/div><\/div><\/div><\/div><\/div>\n\n<div style=\"height:25px\" aria-hidden=\"true\" class=\"wp-block-spacer uag-hide-desktop uag-hide-mob\"><\/div>\n\n<p class=\"has-ast-global-color-1-color has-text-color has-link-color wp-elements-c4ff6f12bdcdf31203b8bbd06c324eb5\">MAC or&nbsp;<strong>Metaphorical Associative Cards<\/strong>&nbsp;&nbsp;is a therapy and self-exploration method that uses visual cards with images, symbols, and words. In 1982, MAC cards were first created by German artist Ely Raman and psychotherapist Moritz Egetmeyer, who together developed the \u201cOH\u201d card deck aimed at activating both the human mind and emotions.<\/p>\n\n<p class=\"has-ast-global-color-1-color has-text-color has-link-color wp-elements-38699e47d71232b1ba5bdc799089ddec\">The idea was to create a tool that would help people delve deeper into their emotions and unconscious mental processes through associations and personal interpretations. MAC is a key to the human subconscious and has become popular in psychology, psychotherapy, coaching, art therapy, and other fields that require an intuitive and visually-based approach for self-exploration and problem-solving.<\/p>\n\n<div style=\"height:52px\" aria-hidden=\"true\" class=\"wp-block-spacer\"><\/div>\n\n<div class=\"wp-block-uagb-advanced-heading uagb-block-9ad4bf58\"><h3 class=\"uagb-heading-text\">&nbsp;How Do Metaphorical Associative Cards Work?<\/h3><\/div>\n\n<p>The cards typically depict various people, places, symbols, or abstract images. When a person looks at a card, they are asked to express the associations that arise and explain what they see or how they feel about the specific image. This method allows hidden emotions and thoughts to surface, as the images or words act as metaphors that bypass the conscious mind\u2019s barriers, accessing deeper layers of the subconscious.&nbsp;<\/p>\n\n<div style=\"height:52px\" aria-hidden=\"true\" class=\"wp-block-spacer\"><\/div>\n\n<div class=\"wp-block-uagb-advanced-heading uagb-block-9d7412ac\"><h3 class=\"uagb-heading-text\">To ensure the method is effective, several aspects must be considered:<\/h3><\/div>\n\n<div style=\"height:19px\" aria-hidden=\"true\" class=\"wp-block-spacer uag-hide-desktop\"><\/div>\n\n<div class=\"wp-block-uagb-advanced-heading uagb-block-6b5ece5c\"><h3 class=\"uagb-heading-text\">A Safe and Supportive Environment<\/h3><\/div>\n\n<p>The therapy or coaching session should take place in a safe, supportive setting where the individual can feel free and relaxed. Sessions can be conducted in person or remotely online, either individually or in groups.<\/p>\n\n<div style=\"height:10px\" aria-hidden=\"true\" class=\"wp-block-spacer\"><\/div>\n\n<div class=\"wp-block-uagb-advanced-heading uagb-block-ed9b3c8d\"><h3 class=\"uagb-heading-text\"><strong>A Skilled Facilitator<\/strong><\/h3><\/div>\n\n<p>Effective use of the cards requires a professional facilitator trained in working with MAC. A good facilitator knows how to ask questions, guide the conversation, and help the client uncover personal insights hidden behind the selected cards.&nbsp;&nbsp;<\/p>\n\n<div style=\"height:10px\" aria-hidden=\"true\" class=\"wp-block-spacer\"><\/div>\n\n<div class=\"wp-block-uagb-advanced-heading uagb-block-6aff00f6\"><h3 class=\"uagb-heading-text\"><strong>Openness and Willingness to Explore<\/strong><span style=\"caret-color: rgb(0, 0, 0); color: rgb(0, 0, 0); font-family: -webkit-standard; font-size: medium; white-space: normal;\"><\/span><\/h3><\/div>\n\n<p>For MAC cards to be effective, it is crucial for the client to be ready to engage in the process and explore their emotions and thoughts. The client\u2019s openness and interaction with the session facilitator are essential for uncovering problems and finding solutions, bringing answers from the subconscious to conscious awareness.<\/p>\n\n<div style=\"height:54px\" aria-hidden=\"true\" class=\"wp-block-spacer\"><\/div>\n\n<div class=\"wp-block-uagb-advanced-heading uagb-block-6def340f\"><h3 class=\"uagb-heading-text\"><strong>How Do I Work?<\/strong><\/h3><\/div>\n\n<p>I conduct MAC card sessions both in person and online. I use this therapy method to help clients view situations from a different perspective, thereby resolving various challenges and issues in their personal lives, relationships, work matters, family dynamics, and emotional well-being.\nIn my opinion, this method is incredibly effective in helping individuals understand and express their feelings during moments of confusion. It fosters self-connection, enabling clients to see solutions and take the next steps toward improving their situation. It also helps uncover available resources within themselves and their external circumstances.<\/p>\n\n<p>The MAC card method offers a variety of techniques that are tailored to the client\u2019s specific needs or problems. I continuously enhance my skills by learning new techniques through courses and seminars.<\/p><\/div><\/div><hr class=\"wp-block-separator has-alpha-channel-opacity is-style-wide\"\/><div style=\"height:15px\" aria-hidden=\"true\" class=\"wp-block-spacer\"><\/div><div class=\"wp-block-uagb-advanced-heading uagb-block-b4bc8451\"><h3 class=\"uagb-heading-text\"><strong>Price List<\/strong><\/h3><\/div><div class=\"wp-block-uagb-restaurant-menu uagb-block-f8d88281 uagb-rm__desk-column-1 uagb-rm__tablet-column-2 uagb-rm__mobile-column-1\"><div class=\"wp-block-uagb-restaurant-menu-child uagb-rest_menu__wrap\"><div class=\"uagb-rm__content\"><div class=\"uagb-rm-details\"><h4 class=\"uagb-rm__title\"><strong>Individual Session<\/strong><\/h4><div class=\"uagb-rm__desc\"><\/div><span class=\"uagb-rm__price\"><strong>50\u20ac<\/strong>\/60min<\/span><\/div><\/div><div class=\"uagb-rm__separator\"><\/div><\/div>\n\n<div class=\"wp-block-uagb-restaurant-menu-child uagb-rest_menu__wrap\"><div class=\"uagb-rm__content\"><div class=\"uagb-rm-details\"><h4 class=\"uagb-rm__title\"><strong>Group Sessions<\/strong><\/h4><div class=\"uagb-rm__desc\"><\/div><span class=\"uagb-rm__price\"><sup><strong>Upon prior arrangement<\/strong><\/sup><\/span><\/div><\/div><div class=\"uagb-rm__separator\"><\/div><\/div><\/div><div style=\"height:15px\" aria-hidden=\"true\" class=\"wp-block-spacer\"><\/div><div class=\"wp-block-buttons has-custom-font-size has-medium-font-size is-content-justification-center is-layout-flex wp-container-core-buttons-is-layout-a89b3969 wp-block-buttons-is-layout-flex\"><div class=\"wp-block-button has-custom-width wp-block-button__width-50 is-style-outline is-style-outline--1\"><a class=\"wp-block-button__link has-ast-global-color-1-color has-text-color has-link-color has-custom-font-size wp-element-button\" href=\"https:\/\/lindabligzna.com\/en\/pieraksts-konsultacijai\/\" style=\"font-size:0px\"><strong>Sign Up<\/strong><\/a><\/div><\/div><hr class=\"wp-block-separator has-alpha-channel-opacity is-style-wide\"\/><div style=\"height:22px\" aria-hidden=\"true\" class=\"wp-block-spacer\"><\/div><div class=\"wp-block-uagb-container uagb-block-86e5b15e alignfull uagb-is-root-container\"><div class=\"uagb-container-inner-blocks-wrap\"><div class=\"wp-block-uagb-container uagb-block-3987021b\"><div class=\"wp-block-uagb-container uagb-block-52399473\"><div class=\"wp-block-uagb-advanced-heading uagb-block-13a7de91\"><h3 class=\"uagb-heading-text\">REVISION<\/h3><\/div>\n\n<div style=\"height:20px\" aria-hidden=\"true\" class=\"wp-block-spacer\"><\/div>\n\n<p style=\"margin-top:0;margin-right:0;margin-bottom:0;margin-left:0\">To create a new wardrobe or change your style, the first step is to open the closet and take a good look at what's really going on inside. Right? You need to figure out what fits, what doesn't, what has served its purpose, and what it's time to let go of. It's quite possible that your taste has already evolved, and the current color palette no longer feels inspiring. Deep down, there's a nagging desire for something entirely new\u2014perhaps bold, daring, or something you've never had the courage to wear before.<br><\/p>\n\n<p style=\"margin-top:0;margin-right:0;margin-bottom:0;margin-left:0\">The same applies to self-revision!<\/p>\n\n<p style=\"margin-top:0;margin-right:0;margin-bottom:0;margin-left:0\"><br>To improve or change something in our daily lives and create the life we desire, we first need to recognize and acknowledge our current reality.<br>We need to sense what is causing our inner confusion. What\u2019s truly happening in the drawers of our subconscious? What has become redundant and needs to be let go of? What are my emotional shelves overloaded with, and is there even room for something new? What needs to be acknowledged to create space for new beginnings? Perhaps it\u2019s time to remember yourself \u2014 to remind the world of what brings joy to your heart and makes your soul sing. To recall your childhood dreams, recognize your talents, and feel the greatest resources that empower you to live life. Your life.<\/p>\n\n<p style=\"margin-top:0;margin-right:0;margin-bottom:0;margin-left:0\"><\/p>\n\n<p>If you feel it's time for an inner audit, let me know. I'll be by your side, ensuring it's a safe process where there's no room for self-deception or running away, even if it feels a little scary.<\/p>\n\n<p><\/p>\n\n<p style=\"margin-top:0;margin-right:0;margin-bottom:0;margin-left:0\">The revision will incorporate metaphorical cards, which serve as a powerful tool to explore your subconscious through symbols, as well as elements of Family Systemic Constellation methods. This can be done either in person or remotely. We will proceed at a pace and intensity aligned with your current resources and state of readiness.<\/p>\n\n<div style=\"height:15px\" aria-hidden=\"true\" class=\"wp-block-spacer uag-hide-desktop uag-hide-tab\"><\/div>\n\n<div style=\"height:16px\" aria-hidden=\"true\" class=\"wp-block-spacer\"><\/div><\/div><\/div><\/div><\/div><hr class=\"wp-block-separator has-alpha-channel-opacity is-style-wide\"\/><div style=\"height:15px\" aria-hidden=\"true\" class=\"wp-block-spacer\"><\/div><div class=\"wp-block-uagb-advanced-heading uagb-block-83bf5be5\"><h3 class=\"uagb-heading-text\"><strong>Price List<\/strong><\/h3><\/div><div class=\"wp-block-uagb-restaurant-menu uagb-block-5f7efa17 uagb-rm__desk-column-1 uagb-rm__tablet-column-1 uagb-rm__mobile-column-1\"><div class=\"wp-block-uagb-restaurant-menu-child uagb-rest_menu__wrap\"><div class=\"uagb-rm__content\"><div class=\"uagb-rm-details\"><h4 class=\"uagb-rm__title\"><strong>Individual In-Person Session<\/strong><\/h4><div class=\"uagb-rm__desc\"><\/div><span class=\"uagb-rm__price\">50\u20ac\/90min<\/span><\/div><\/div><div class=\"uagb-rm__separator\"><\/div><\/div><\/div><div style=\"height:15px\" aria-hidden=\"true\" class=\"wp-block-spacer\"><\/div><div class=\"wp-block-buttons has-custom-font-size has-medium-font-size is-content-justification-center is-layout-flex wp-container-core-buttons-is-layout-a89b3969 wp-block-buttons-is-layout-flex\"><div class=\"wp-block-button has-custom-width wp-block-button__width-50 is-style-outline is-style-outline--2\"><a class=\"wp-block-button__link has-ast-global-color-1-color has-text-color has-link-color has-custom-font-size wp-element-button\" href=\"https:\/\/lindabligzna.com\/en\/pieraksts-procedurai\/\" style=\"font-size:0px\"><strong>Sign Up<\/strong><\/a><\/div><\/div><div style=\"height:5px\" aria-hidden=\"true\" class=\"wp-block-spacer\"><\/div><hr class=\"wp-block-separator has-alpha-channel-opacity is-style-wide\"\/><div style=\"height:25px\" aria-hidden=\"true\" class=\"wp-block-spacer uag-hide-tab uag-hide-mob\"><\/div><div style=\"height:35px\" aria-hidden=\"true\" class=\"wp-block-spacer uag-hide-desktop\"><\/div><div class=\"wp-block-uagb-container uagb-block-80f2c3bb alignfull uagb-is-root-container\"><div class=\"uagb-container-inner-blocks-wrap\"><div class=\"wp-block-uagb-container uagb-block-265ae619\"><div class=\"wp-block-uagb-image uagb-block-2eab9bf2 wp-block-uagb-image--layout-default wp-block-uagb-image--effect-static wp-block-uagb-image--align-none\"><figure class=\"wp-block-uagb-image__figure\"><img decoding=\"async\" srcset=\"https:\/\/lindabligzna.com\/wp-content\/uploads\/2024\/12\/kartis-733x1024.jpg ,https:\/\/lindabligzna.com\/wp-content\/uploads\/2024\/12\/kartis.jpg 780w, https:\/\/lindabligzna.com\/wp-content\/uploads\/2024\/12\/kartis-733x1024.jpg 360w\" sizes=\"auto, (max-width: 480px) 150px\" src=\"https:\/\/lindabligzna.com\/wp-content\/uploads\/2024\/12\/kartis-733x1024.jpg\" alt=\"\" class=\"uag-image-4284\" width=\"312\" height=\"436\" title=\"kartis\" loading=\"lazy\" role=\"img\"\/><\/figure><\/div><\/div>\n\n<div class=\"wp-block-uagb-container uagb-block-7baa6333\"><div class=\"wp-block-uagb-image uagb-block-b378f031 wp-block-uagb-image--layout-default wp-block-uagb-image--effect-static wp-block-uagb-image--align-none\"><figure class=\"wp-block-uagb-image__figure\"><img decoding=\"async\" srcset=\"https:\/\/lindabligzna.com\/wp-content\/uploads\/2025\/01\/1736158990956-a2fbc37f-252a-4393-8138-36fe5740e1d8_1.jpg ,https:\/\/lindabligzna.com\/wp-content\/uploads\/2025\/01\/1736158990956-a2fbc37f-252a-4393-8138-36fe5740e1d8_1.jpg 780w, https:\/\/lindabligzna.com\/wp-content\/uploads\/2025\/01\/1736158990956-a2fbc37f-252a-4393-8138-36fe5740e1d8_1.jpg 360w\" sizes=\"auto, (max-width: 480px) 150px\" src=\"https:\/\/lindabligzna.com\/wp-content\/uploads\/2025\/01\/1736158990956-a2fbc37f-252a-4393-8138-36fe5740e1d8_1.jpg\" alt=\"\" class=\"uag-image-4907\" width=\"500\" height=\"369\" title=\"1736158990956-a2fbc37f-252a-4393-8138-36fe5740e1d8_1\" loading=\"lazy\" role=\"img\"\/><\/figure><\/div><\/div><\/div><\/div><div class=\"wp-block-uagb-container uagb-block-c80c7123 alignfull uagb-is-root-container\"><div class=\"uagb-container-inner-blocks-wrap\"><div class=\"wp-block-uagb-container uagb-block-de77ed95\"><div class=\"wp-block-uagb-advanced-heading uagb-block-309e79ff\"><h2 class=\"uagb-heading-text\">Blogs<\/h2><\/div><\/div>\n\n<div class=\"wp-block-uagb-container uagb-block-9c570f57\"><div class=\"wp-block-uagb-advanced-heading uagb-block-99a0ed6a\"><div class=\"uagb-separator\"><\/div><p class=\"uagb-heading-text\">Want to Learn More? Read the Blogs!<\/p><\/div><\/div><\/div><\/div><div class=\"wp-block-uagb-container uagb-block-55a2491b alignfull uagb-is-root-container\"><div class=\"uagb-container-inner-blocks-wrap\"><div class=\"wp-block-uagb-post-grid uagb-post-grid page-blog-block uagb-post__image-position-top uagb-post__image-enabled uagb-block-5667549c     uagb-post__items uagb-post__columns-3 is-grid uagb-post__columns-tablet-2 uagb-post__columns-mobile-1 uagb-post__equal-height\" data-total=\"1\" style=\"\">\n\n\t\t\t\t\t\t\t\t\t\t\t\t<article class=\"uagb-post__inner-wrap\">\t\t\t\t\t\t\t\t<h4 class=\"uagb-post__title uagb-post__text\">\n\t\t\t\t<a href=\"https:\/\/lindabligzna.com\/en\/2025\/05\/31\/kas-ir-tavi-kontaktbrizi\/\" target=\"_self\" rel=\"bookmark noopener noreferrer\">When do you feel truly connected?<\/a>\n\t\t\t<\/h4>\n\t\t\t\t\t\t<div class='uagb-post__text uagb-post-grid-byline'>\n\t\t\t\t\t\t\t<\/div>\n\t\t\t\t\t\t<div class=\"uagb-post__text uagb-post__cta wp-block-button\">\n\t\t\t\t<a class=\"wp-block-button__link uagb-text-link\" style=\"\" href=\"https:\/\/lindabligzna.com\/en\/2025\/05\/31\/kas-ir-tavi-kontaktbrizi\/\" target=\"_self\" rel=\"bookmark noopener noreferrer\">Read more <\/a>\n\t\t\t<\/div>\n\t\t\t\n\t\t\t\t\t\t\t\t\t<\/article>\n\t\t\t\t\t\t\t\t\t\t\t\t\t\t\t\t<article class=\"uagb-post__inner-wrap\">\t\t\t\t\t\t\t\t<h4 class=\"uagb-post__title uagb-post__text\">\n\t\t\t\t<a href=\"https:\/\/lindabligzna.com\/en\/2025\/04\/30\/neticigais-tinis-3-pilzenes-alini-un-dievs\/\" target=\"_self\" rel=\"bookmark noopener noreferrer\">THE SKEPTICAL TEEN. 3 PILSNER BEERS AND GOD.<\/a>\n\t\t\t<\/h4>\n\t\t\t\t\t\t<div class='uagb-post__text uagb-post-grid-byline'>\n\t\t\t\t\t\t\t<\/div>\n\t\t\t\t\t\t<div class=\"uagb-post__text uagb-post__cta wp-block-button\">\n\t\t\t\t<a class=\"wp-block-button__link uagb-text-link\" style=\"\" href=\"https:\/\/lindabligzna.com\/en\/2025\/04\/30\/neticigais-tinis-3-pilzenes-alini-un-dievs\/\" target=\"_self\" rel=\"bookmark noopener noreferrer\">Read more <\/a>\n\t\t\t<\/div>\n\t\t\t\n\t\t\t\t\t\t\t\t\t<\/article>\n\t\t\t\t\t\t\t\t\t\t\t\t\t\t\t\t<article class=\"uagb-post__inner-wrap\">\t\t\t\t\t\t\t\t<div class='uagb-post__image'>\n\t\t\t\t\t\t\t\t\t<a href=\"https:\/\/lindabligzna.com\/en\/2024\/09\/07\/ipasums-ka-simbols\/\" target=\"_self\" rel=\"bookmark noopener noreferrer\" class='uagb-image-ratio-inherit'><img loading=\"lazy\" decoding=\"async\" width=\"1024\" height=\"908\" src=\"https:\/\/lindabligzna.com\/wp-content\/uploads\/2024\/09\/IPASUMS-KA-SIMBOLS-1.png\" class=\"attachment-large size-large\" alt=\"\" srcset=\"https:\/\/lindabligzna.com\/wp-content\/uploads\/2024\/09\/IPASUMS-KA-SIMBOLS-1.png 1024w, https:\/\/lindabligzna.com\/wp-content\/uploads\/2024\/09\/IPASUMS-KA-SIMBOLS-1-300x266.png 300w, https:\/\/lindabligzna.com\/wp-content\/uploads\/2024\/09\/IPASUMS-KA-SIMBOLS-1-768x681.png 768w, https:\/\/lindabligzna.com\/wp-content\/uploads\/2024\/09\/IPASUMS-KA-SIMBOLS-1-14x12.png 14w, https:\/\/lindabligzna.com\/wp-content\/uploads\/2024\/09\/IPASUMS-KA-SIMBOLS-1-600x532.png 600w\" sizes=\"auto, (max-width: 1024px) 100vw, 1024px\" \/>\t\t\t\t\t<\/a>\n\t\t\t\t\t\t\t<\/div>\n\t\t\t\t\t\t<h4 class=\"uagb-post__title uagb-post__text\">\n\t\t\t\t<a href=\"https:\/\/lindabligzna.com\/en\/2024\/09\/07\/ipasums-ka-simbols\/\" target=\"_self\" rel=\"bookmark noopener noreferrer\">PROPERTY AS A SYMBOL<\/a>\n\t\t\t<\/h4>\n\t\t\t\t\t\t<div class='uagb-post__text uagb-post-grid-byline'>\n\t\t\t\t\t\t\t<\/div>\n\t\t\t\t\t\t<div class=\"uagb-post__text uagb-post__cta wp-block-button\">\n\t\t\t\t<a class=\"wp-block-button__link uagb-text-link\" style=\"\" href=\"https:\/\/lindabligzna.com\/en\/2024\/09\/07\/ipasums-ka-simbols\/\" target=\"_self\" rel=\"bookmark noopener noreferrer\">Read more <\/a>\n\t\t\t<\/div>\n\t\t\t\n\t\t\t\t\t\t\t\t\t<\/article>\n\t\t\t\t\t\t\t\t\t\t\t<\/div><\/div><\/div><div class=\"wp-block-uagb-container uagb-block-65f9d899 default uagb-is-root-container\"><div class=\"wp-block-uagb-advanced-heading uagb-block-4f51e9d7\"><h2 class=\"uagb-heading-text\">Piesakies jaunumiem un seko l\u012bdzi visiem jaunumiem Telegram kan\u0101l\u0101!<\/h2><p class=\"uagb-desc-text\"><strong>Pievienojies manam Telegram kan\u0101lam, kur regul\u0101ri public\u0113ju aktu\u0101lus jaunumus, padomus un iedvesmojo\u0161u saturu. Tur tu atrad\u012bsi personaliz\u0113tu inform\u0101ciju un v\u0113rt\u012bgus ieteikumus, kas pal\u012bdz\u0113s atrast tev vispiem\u0113rot\u0101kos risin\u0101jumus.<\/strong><\/p><\/div>\n\n<div style=\"height:10px\" aria-hidden=\"true\" class=\"wp-block-spacer\"><\/div>\n\n<div class=\"wp-block-uagb-container uagb-block-07d7fd7b\"><div class=\"wp-block-buttons is-content-justification-center is-layout-flex wp-container-core-buttons-is-layout-a89b3969 wp-block-buttons-is-layout-flex\"><div class=\"wp-block-button has-custom-width wp-block-button__width-100\"><a class=\"wp-block-button__link has-ast-global-color-4-color has-text-color has-link-color has-border-color has-ast-global-color-4-border-color wp-element-button\" href=\"https:\/\/t.me\/+xrJH9TOA4RowYWZk\">Pievienoties<\/a><\/div><\/div><\/div><\/div>","protected":false},"excerpt":{"rendered":"<p>Metaforisk\u0101s asociat\u012bv\u0101s k\u0101rtis MAK k\u0101rtis ir pa\u0161izp\u0113tes un terapijas metode, kas \u013cauj cilv\u0113kam izprast savas dzi\u013c\u0101k\u0101s emocijas un neapzin\u0101tos pr\u0101ta [&hellip;]<\/p>","protected":false},"author":2,"featured_media":0,"parent":0,"menu_order":0,"comment_status":"closed","ping_status":"closed","template":"","meta":{"_uag_custom_page_level_css":"","site-sidebar-layout":"default","site-content-layout":"page-builder","ast-site-content-layout":"full-width-container","site-content-style":"unboxed","site-sidebar-style":"unboxed","ast-global-header-display":"","ast-banner-title-visibility":"","ast-main-header-display":"","ast-hfb-above-header-display":"","ast-hfb-below-header-display":"","ast-hfb-mobile-header-display":"","site-post-title":"disabled","ast-breadcrumbs-content":"","ast-featured-img":"","footer-sml-layout":"","theme-transparent-header-meta":"enabled","adv-header-id-meta":"","stick-header-meta":"","header-above-stick-meta":"","header-main-stick-meta":"","header-below-stick-meta":"","astra-migrate-meta-layouts":"set","ast-page-background-enabled":"default","ast-page-background-meta":{"desktop":{"background-color":"","background-image":"","background-repeat":"repeat","background-position":"center center","background-size":"auto","background-attachment":"scroll","background-type":"","background-media":"","overlay-type":"","overlay-color":"","overlay-opacity":"","overlay-gradient":""},"tablet":{"background-color":"","background-image":"","background-repeat":"repeat","background-position":"center center","background-size":"auto","background-attachment":"scroll","background-type":"","background-media":"","overlay-type":"","overlay-color":"","overlay-opacity":"","overlay-gradient":""},"mobile":{"background-color":"","background-image":"","background-repeat":"repeat","background-position":"center center","background-size":"auto","background-attachment":"scroll","background-type":"","background-media":"","overlay-type":"","overlay-color":"","overlay-opacity":"","overlay-gradient":""}},"ast-content-background-meta":{"desktop":{"background-color":"var(--ast-global-color-5)","background-image":"","background-repeat":"repeat","background-position":"center center","background-size":"auto","background-attachment":"scroll","background-type":"","background-media":"","overlay-type":"","overlay-color":"","overlay-opacity":"","overlay-gradient":""},"tablet":{"background-color":"var(--ast-global-color-5)","background-image":"","background-repeat":"repeat","background-position":"center center","background-size":"auto","background-attachment":"scroll","background-type":"","background-media":"","overlay-type":"","overlay-color":"","overlay-opacity":"","overlay-gradient":""},"mobile":{"background-color":"var(--ast-global-color-5)","background-image":"","background-repeat":"repeat","background-position":"center center","background-size":"auto","background-attachment":"scroll","background-type":"","background-media":"","overlay-type":"","overlay-color":"","overlay-opacity":"","overlay-gradient":""}},"footnotes":""},"class_list":["post-3860","page","type-page","status-publish","hentry"],"jetpack_sharing_enabled":true,"uagb_featured_image_src":{"full":false,"thumbnail":false,"medium":false,"medium_large":false,"large":false,"1536x1536":false,"2048x2048":false,"trp-custom-language-flag":false,"woocommerce_thumbnail":false,"woocommerce_single":false,"woocommerce_gallery_thumbnail":false},"uagb_author_info":{"display_name":"patricija","author_link":"https:\/\/lindabligzna.com\/en\/author\/patricija\/"},"uagb_comment_info":0,"uagb_excerpt":"Metaforisk\u0101s asociat\u012bv\u0101s k\u0101rtis MAK k\u0101rtis ir pa\u0161izp\u0113tes un terapijas metode, kas \u013cauj cilv\u0113kam izprast savas dzi\u013c\u0101k\u0101s emocijas un neapzin\u0101tos pr\u0101ta [&hellip;]","_links":{"self":[{"href":"https:\/\/lindabligzna.com\/en\/wp-json\/wp\/v2\/pages\/3860","targetHints":{"allow":["GET"]}}],"collection":[{"href":"https:\/\/lindabligzna.com\/en\/wp-json\/wp\/v2\/pages"}],"about":[{"href":"https:\/\/lindabligzna.com\/en\/wp-json\/wp\/v2\/types\/page"}],"author":[{"embeddable":true,"href":"https:\/\/lindabligzna.com\/en\/wp-json\/wp\/v2\/users\/2"}],"replies":[{"embeddable":true,"href":"https:\/\/lindabligzna.com\/en\/wp-json\/wp\/v2\/comments?post=3860"}],"version-history":[{"count":86,"href":"https:\/\/lindabligzna.com\/en\/wp-json\/wp\/v2\/pages\/3860\/revisions"}],"predecessor-version":[{"id":5413,"href":"https:\/\/lindabligzna.com\/en\/wp-json\/wp\/v2\/pages\/3860\/revisions\/5413"}],"wp:attachment":[{"href":"https:\/\/lindabligzna.com\/en\/wp-json\/wp\/v2\/media?parent=3860"}],"curies":[{"name":"wp","href":"https:\/\/api.w.org\/{rel}","templated":true}]}}