{"id":4027,"date":"2024-11-08T11:10:01","date_gmt":"2024-11-08T11:10:01","guid":{"rendered":"https:\/\/lindabligzna.com\/?page_id=4027"},"modified":"2025-11-07T13:46:35","modified_gmt":"2025-11-07T13:46:35","slug":"pieraksts-konsultacijai","status":"publish","type":"page","link":"https:\/\/lindabligzna.com\/en\/pieraksts-konsultacijai\/","title":{"rendered":"Appointment for Consultation"},"content":{"rendered":"<div class=\"wp-block-uagb-container uag-blocks-common-selector uagb-block-ba4992ef alignfull uagb-is-root-container\"><div class=\"uagb-container-inner-blocks-wrap\"><div class=\"wp-block-uagb-advanced-heading uagb-block-5b385b7f\"><h1 class=\"uagb-heading-text\">Would You Like to Apply for a Consultation?<\/h1><\/div>\n\n<div class=\"wp-block-uagb-advanced-heading uagb-block-5c92fb33\"><p class=\"uagb-heading-text\"><strong>Piesakies konsult\u0101cijai izmantojot whatsapp  un esi soli tuv\u0101k dz\u012bves izmai\u0146\u0101m!<\/strong><\/p><\/div>\n\n<div class=\"wp-block-uagb-container uagb-block-51c88094\"><div class=\"wp-block-jetpack-send-a-message\"><div class=\"wp-block-jetpack-whatsapp-button is-color-dark\"><a class=\"whatsapp-block__button\" href=\"https:\/\/api.whatsapp.com\/send?phone=37124505030&amp;text=Sveika!%20V%C4%93l%C4%93jos%20pieteikties%20uz...\" style=\"background-color:#465B64;color:#fff\" target=\"_self\" rel=\"noopener noreferrer\">Sign Up<\/a><\/div><\/div><\/div><\/div><\/div>","protected":false},"excerpt":{"rendered":"<p>V\u0113lies pieteikties konsult\u0101cijai? Piesakies konsult\u0101cijai izmantojot whatsapp un esi soli tuv\u0101k dz\u012bves izmai\u0146\u0101m!<\/p>","protected":false},"author":2,"featured_media":0,"parent":0,"menu_order":0,"comment_status":"closed","ping_status":"closed","template":"","meta":{"_uag_custom_page_level_css":"","site-sidebar-layout":"default","site-content-layout":"page-builder","ast-site-content-layout":"full-width-container","site-content-style":"unboxed","site-sidebar-style":"unboxed","ast-global-header-display":"","ast-banner-title-visibility":"","ast-main-header-display":"","ast-hfb-above-header-display":"","ast-hfb-below-header-display":"","ast-hfb-mobile-header-display":"","site-post-title":"disabled","ast-breadcrumbs-content":"","ast-featured-img":"","footer-sml-layout":"","theme-transparent-header-meta":"enabled","adv-header-id-meta":"","stick-header-meta":"","header-above-stick-meta":"","header-main-stick-meta":"","header-below-stick-meta":"","astra-migrate-meta-layouts":"set","ast-page-background-enabled":"default","ast-page-background-meta":{"desktop":{"background-color":"","background-image":"","background-repeat":"repeat","background-position":"center center","background-size":"auto","background-attachment":"scroll","background-type":"","background-media":"","overlay-type":"","overlay-color":"","overlay-opacity":"","overlay-gradient":""},"tablet":{"background-color":"","background-image":"","background-repeat":"repeat","background-position":"center center","background-size":"auto","background-attachment":"scroll","background-type":"","background-media":"","overlay-type":"","overlay-color":"","overlay-opacity":"","overlay-gradient":""},"mobile":{"background-color":"","background-image":"","background-repeat":"repeat","background-position":"center center","background-size":"auto","background-attachment":"scroll","background-type":"","background-media":"","overlay-type":"","overlay-color":"","overlay-opacity":"","overlay-gradient":""}},"ast-content-background-meta":{"desktop":{"background-color":"var(--ast-global-color-5)","background-image":"","background-repeat":"repeat","background-position":"center center","background-size":"auto","background-attachment":"scroll","background-type":"","background-media":"","overlay-type":"","overlay-color":"","overlay-opacity":"","overlay-gradient":""},"tablet":{"background-color":"var(--ast-global-color-5)","background-image":"","background-repeat":"repeat","background-position":"center center","background-size":"auto","background-attachment":"scroll","background-type":"","background-media":"","overlay-type":"","overlay-color":"","overlay-opacity":"","overlay-gradient":""},"mobile":{"background-color":"var(--ast-global-color-5)","background-image":"","background-repeat":"repeat","background-position":"center center","background-size":"auto","background-attachment":"scroll","background-type":"","background-media":"","overlay-type":"","overlay-color":"","overlay-opacity":"","overlay-gradient":""}},"footnotes":""},"class_list":["post-4027","page","type-page","status-publish","hentry"],"jetpack_sharing_enabled":true,"uagb_featured_image_src":{"full":false,"thumbnail":false,"medium":false,"medium_large":false,"large":false,"1536x1536":false,"2048x2048":false,"trp-custom-language-flag":false,"woocommerce_thumbnail":false,"woocommerce_single":false,"woocommerce_gallery_thumbnail":false},"uagb_author_info":{"display_name":"patricija","author_link":"https:\/\/lindabligzna.com\/en\/author\/patricija\/"},"uagb_comment_info":0,"uagb_excerpt":"V\u0113lies pieteikties konsult\u0101cijai? Piesakies konsult\u0101cijai izmantojot whatsapp un esi soli tuv\u0101k dz\u012bves izmai\u0146\u0101m!","_links":{"self":[{"href":"https:\/\/lindabligzna.com\/en\/wp-json\/wp\/v2\/pages\/4027","targetHints":{"allow":["GET"]}}],"collection":[{"href":"https:\/\/lindabligzna.com\/en\/wp-json\/wp\/v2\/pages"}],"about":[{"href":"https:\/\/lindabligzna.com\/en\/wp-json\/wp\/v2\/types\/page"}],"author":[{"embeddable":true,"href":"https:\/\/lindabligzna.com\/en\/wp-json\/wp\/v2\/users\/2"}],"replies":[{"embeddable":true,"href":"https:\/\/lindabligzna.com\/en\/wp-json\/wp\/v2\/comments?post=4027"}],"version-history":[{"count":21,"href":"https:\/\/lindabligzna.com\/en\/wp-json\/wp\/v2\/pages\/4027\/revisions"}],"predecessor-version":[{"id":5447,"href":"https:\/\/lindabligzna.com\/en\/wp-json\/wp\/v2\/pages\/4027\/revisions\/5447"}],"wp:attachment":[{"href":"https:\/\/lindabligzna.com\/en\/wp-json\/wp\/v2\/media?parent=4027"}],"curies":[{"name":"wp","href":"https:\/\/api.w.org\/{rel}","templated":true}]}}