{"id":3988,"date":"2024-11-05T16:42:38","date_gmt":"2024-11-05T16:42:38","guid":{"rendered":"https:\/\/lindabligzna.com\/?post_type=product&#038;p=3988"},"modified":"2025-01-07T07:09:45","modified_gmt":"2025-01-07T07:09:45","slug":"test","status":"publish","type":"product","link":"https:\/\/lindabligzna.com\/en\/product\/test\/","title":{"rendered":"The Fire of Intention"},"content":{"rendered":"<p>Nodomu uguns k\u0101r\u0161u kast\u012bte ir mans kopdarbs ar m\u012b\u013cu un tuvu sirdsdraugu Vendiju Kairi. T\u0101 tapusi laik\u0101, kad rado\u0161ums pl\u016bda p\u0101ri p\u0101r\u0113m un bija manas meiti\u0146as gaid\u012bbu laiks. \u0160\u012b b\u016bs v\u0113rt\u012bga d\u0101vana gan sev un savai telpai, gan draugiem un radiem. Katr\u0101 no t\u0101m ir 8 s\u0113rkoci\u0146kast\u012btes un skaidrojo\u0161\u0101s k\u0101rtis. Uz t\u0101m uzprint\u0113tas manas ori\u0123in\u0101lgleznas. \u013baujoties saj\u016bt\u0101m, izvelc to kast\u012bti, kura &#8220;sirdi uzrun\u0101&#8221; visvair\u0101k un uz skaidrojo\u0161\u0101s k\u0101rts, atrodi tautasdziesmu un v\u0113st\u012bjumu no savas dzimtas. Noskaitot attiec\u012bgo tautasdziesmu, aizdedzini sveci, kam\u012bnu, vai ugunskuru, lai Nodoms iet pla\u0161um\u0101. Ar laiku k\u0101rtis var izmantot k\u0101 printus, ier\u0101m\u0113jot un iek\u013caujot interjera dizain\u0101, katr\u0101 telp\u0101 sagalb\u0101jot savu Nodomu.<br \/>\nThe explanations are also translated into English, making them understandable for your friends overseas.<\/p>\n<p><strong>Folk songs translated by:<\/strong> The Wheel of M\u0101ra's Year<br \/>\n<strong>Graphic Design:<\/strong> Vendija Kaire<br \/>\n<strong>Photography:<\/strong> Ginta Z\u012bverte<\/p>","protected":false},"excerpt":{"rendered":"<p>Surrender to your subconscious by choosing one of the feeling paintings on a matchbox. On the back of the box, you'll find a folk verse (daina), whose message is explained on an accompanying card. Light a candle, fireplace, or bonfire, and let the Fire of Intent fill the space where you create your reality. And perhaps days, weeks, or even years will pass, and you'll realize that it is you who truly guides your life.<\/p>","protected":false},"featured_media":4459,"comment_status":"open","ping_status":"closed","template":"","meta":{"_uag_custom_page_level_css":"","site-sidebar-layout":"default","site-content-layout":"","ast-site-content-layout":"default","site-content-style":"default","site-sidebar-style":"default","ast-global-header-display":"","ast-banner-title-visibility":"","ast-main-header-display":"","ast-hfb-above-header-display":"","ast-hfb-below-header-display":"","ast-hfb-mobile-header-display":"","site-post-title":"","ast-breadcrumbs-content":"","ast-featured-img":"","footer-sml-layout":"","theme-transparent-header-meta":"default","adv-header-id-meta":"","stick-header-meta":"","header-above-stick-meta":"","header-main-stick-meta":"","header-below-stick-meta":"","astra-migrate-meta-layouts":"set","ast-page-background-enabled":"default","ast-page-background-meta":{"desktop":{"background-color":"","background-image":"","background-repeat":"repeat","background-position":"center center","background-size":"auto","background-attachment":"scroll","background-type":"","background-media":"","overlay-type":"","overlay-color":"","overlay-opacity":"","overlay-gradient":""},"tablet":{"background-color":"","background-image":"","background-repeat":"repeat","background-position":"center center","background-size":"auto","background-attachment":"scroll","background-type":"","background-media":"","overlay-type":"","overlay-color":"","overlay-opacity":"","overlay-gradient":""},"mobile":{"background-color":"","background-image":"","background-repeat":"repeat","background-position":"center center","background-size":"auto","background-attachment":"scroll","background-type":"","background-media":"","overlay-type":"","overlay-color":"","overlay-opacity":"","overlay-gradient":""}},"ast-content-background-meta":{"desktop":{"background-color":"var(--ast-global-color-5)","background-image":"","background-repeat":"repeat","background-position":"center center","background-size":"auto","background-attachment":"scroll","background-type":"","background-media":"","overlay-type":"","overlay-color":"","overlay-opacity":"","overlay-gradient":""},"tablet":{"background-color":"var(--ast-global-color-5)","background-image":"","background-repeat":"repeat","background-position":"center center","background-size":"auto","background-attachment":"scroll","background-type":"","background-media":"","overlay-type":"","overlay-color":"","overlay-opacity":"","overlay-gradient":""},"mobile":{"background-color":"var(--ast-global-color-5)","background-image":"","background-repeat":"repeat","background-position":"center center","background-size":"auto","background-attachment":"scroll","background-type":"","background-media":"","overlay-type":"","overlay-color":"","overlay-opacity":"","overlay-gradient":""}}},"product_brand":[],"product_cat":[19],"product_tag":[],"class_list":{"0":"post-3988","1":"product","2":"type-product","3":"status-publish","4":"has-post-thumbnail","6":"product_cat-bez-kategorijas","7":"desktop-align-left","8":"tablet-align-left","9":"mobile-align-left","11":"first","12":"instock","13":"shipping-taxable","14":"purchasable","15":"product-type-simple"},"jetpack_sharing_enabled":true,"uagb_featured_image_src":{"full":["https:\/\/lindabligzna.com\/wp-content\/uploads\/2024\/11\/WhatsApp-Image-2024-12-18-at-18.54.02-1-scaled.jpeg",1703,2560,false],"thumbnail":["https:\/\/lindabligzna.com\/wp-content\/uploads\/2024\/11\/WhatsApp-Image-2024-12-18-at-18.54.02-1-150x150.jpeg",150,150,true],"medium":["https:\/\/lindabligzna.com\/wp-content\/uploads\/2024\/11\/WhatsApp-Image-2024-12-18-at-18.54.02-1-200x300.jpeg",200,300,true],"medium_large":["https:\/\/lindabligzna.com\/wp-content\/uploads\/2024\/11\/WhatsApp-Image-2024-12-18-at-18.54.02-1-768x1154.jpeg",768,1154,true],"large":["https:\/\/lindabligzna.com\/wp-content\/uploads\/2024\/11\/WhatsApp-Image-2024-12-18-at-18.54.02-1-681x1024.jpeg",681,1024,true],"1536x1536":["https:\/\/lindabligzna.com\/wp-content\/uploads\/2024\/11\/WhatsApp-Image-2024-12-18-at-18.54.02-1-1022x1536.jpeg",1022,1536,true],"2048x2048":["https:\/\/lindabligzna.com\/wp-content\/uploads\/2024\/11\/WhatsApp-Image-2024-12-18-at-18.54.02-1-1362x2048.jpeg",1362,2048,true],"trp-custom-language-flag":["https:\/\/lindabligzna.com\/wp-content\/uploads\/2024\/11\/WhatsApp-Image-2024-12-18-at-18.54.02-1-8x12.jpeg",8,12,true],"woocommerce_thumbnail":["https:\/\/lindabligzna.com\/wp-content\/uploads\/2024\/11\/WhatsApp-Image-2024-12-18-at-18.54.02-1-300x300.jpeg",300,300,true],"woocommerce_single":["https:\/\/lindabligzna.com\/wp-content\/uploads\/2024\/11\/WhatsApp-Image-2024-12-18-at-18.54.02-1-600x902.jpeg",600,902,true],"woocommerce_gallery_thumbnail":["https:\/\/lindabligzna.com\/wp-content\/uploads\/2024\/11\/WhatsApp-Image-2024-12-18-at-18.54.02-1-100x100.jpeg",100,100,true]},"uagb_author_info":{"display_name":"patricija","author_link":"https:\/\/lindabligzna.com\/en\/author\/"},"uagb_comment_info":0,"uagb_excerpt":"\u013baujies savai zemapzi\u0146ai, izv\u0113loties k\u0101du no saj\u016btu glezn\u0101m uz s\u0113rkoci\u0146u kast\u012btes.Kast\u012btes aizmugur\u0113 atrad\u012bsi dainu, kuras v\u0113st\u012bjums izlas\u0101ms uz skaidrojo\u0161\u0101s\u00a0 kart\u012btes. Aizdedzini sveci, kam\u012bnu vai ugunskuru un \u013cauj Nodomu ugunij piepild\u012bt lauku, kur\u0101 savu realit\u0101ti radi. Un iesp\u0113jams paies dienas, ned\u0113\u013cas, varb\u016bt pat gadi un Tu saprat\u012bsi, ka tie\u0161i Tu savu dz\u012bvi vadi.","_links":{"self":[{"href":"https:\/\/lindabligzna.com\/en\/wp-json\/wp\/v2\/product\/3988","targetHints":{"allow":["GET"]}}],"collection":[{"href":"https:\/\/lindabligzna.com\/en\/wp-json\/wp\/v2\/product"}],"about":[{"href":"https:\/\/lindabligzna.com\/en\/wp-json\/wp\/v2\/types\/product"}],"replies":[{"embeddable":true,"href":"https:\/\/lindabligzna.com\/en\/wp-json\/wp\/v2\/comments?post=3988"}],"wp:featuredmedia":[{"embeddable":true,"href":"https:\/\/lindabligzna.com\/en\/wp-json\/wp\/v2\/media\/4459"}],"wp:attachment":[{"href":"https:\/\/lindabligzna.com\/en\/wp-json\/wp\/v2\/media?parent=3988"}],"wp:term":[{"taxonomy":"product_brand","embeddable":true,"href":"https:\/\/lindabligzna.com\/en\/wp-json\/wp\/v2\/product_brand?post=3988"},{"taxonomy":"product_cat","embeddable":true,"href":"https:\/\/lindabligzna.com\/en\/wp-json\/wp\/v2\/product_cat?post=3988"},{"taxonomy":"product_tag","embeddable":true,"href":"https:\/\/lindabligzna.com\/en\/wp-json\/wp\/v2\/product_tag?post=3988"}],"curies":[{"name":"wp","href":"https:\/\/api.w.org\/{rel}","templated":true}]}}