{"id":4454,"date":"2024-12-18T16:34:34","date_gmt":"2024-12-18T16:34:34","guid":{"rendered":"https:\/\/lindabligzna.com\/?post_type=product&#038;p=4454"},"modified":"2024-12-18T19:14:54","modified_gmt":"2024-12-18T19:14:54","slug":"metaforiski-asociativas-kartis-vieta","status":"publish","type":"product","link":"https:\/\/lindabligzna.com\/en\/product\/metaforiski-asociativas-kartis-vieta\/","title":{"rendered":"Metaphoric Associative Cards \u201cPlace\u201d"},"content":{"rendered":"<p class=\"p1\">Metaphoric Associative Cards <b>\u201cPlace\u201d<\/b> It is a creative and versatile tool for self-exploration, therapy, and creative processes. Each of the 70 cards features a unique painting created by me, depicting an abstract artistic image. They are not about specific places but rather about inner feelings, experiences, and a symbolic \u201cplace\u201d within a person\u2019s emotional and mental space.<\/p>\n<p class=\"p1\"><b>Usage:<\/b><b><\/b><\/p>\n<p class=\"p3\">\u2022<b>In psychology and therapy:<\/b> Helps explore subconscious thoughts, emotions, and associations.<\/p>\n<p class=\"p3\">\u2022<b>For creative work:<\/b> Perfect for storytelling, idea generation, and inspiration.<\/p>\n<p class=\"p3\">\u2022<b>For daily self-discovery:<\/b> Find your inner \u201cplace\u201d \u2013 reflect, explore your emotions, and move towards understanding.<\/p>\n<p class=\"p1\"><b>The \u201cPlace\u201d cards<\/b> inspire conversations, intuition, and allow each individual to create their own stories based on the feelings evoked by the images and their metaphorical symbolism. They are an excellent tool for both professionals and individuals who wish to delve deeper into their inner world.<\/p>","protected":false},"excerpt":{"rendered":"<p class=\"p1\">Metaphoric Associative Cards <b>\u201cPlace\u201d<\/b> \u2013 abstract artistic images that invite free interpretation and storytelling. A great tool for psychology, self-exploration, and creative processes, helping you discover your inner \u201cplace.\u201d<\/p>","protected":false},"featured_media":4455,"comment_status":"open","ping_status":"closed","template":"","meta":{"_uag_custom_page_level_css":"","site-sidebar-layout":"default","site-content-layout":"","ast-site-content-layout":"default","site-content-style":"default","site-sidebar-style":"default","ast-global-header-display":"","ast-banner-title-visibility":"","ast-main-header-display":"","ast-hfb-above-header-display":"","ast-hfb-below-header-display":"","ast-hfb-mobile-header-display":"","site-post-title":"","ast-breadcrumbs-content":"","ast-featured-img":"","footer-sml-layout":"","theme-transparent-header-meta":"default","adv-header-id-meta":"","stick-header-meta":"","header-above-stick-meta":"","header-main-stick-meta":"","header-below-stick-meta":"","astra-migrate-meta-layouts":"set","ast-page-background-enabled":"default","ast-page-background-meta":{"desktop":{"background-color":"","background-image":"","background-repeat":"repeat","background-position":"center center","background-size":"auto","background-attachment":"scroll","background-type":"","background-media":"","overlay-type":"","overlay-color":"","overlay-opacity":"","overlay-gradient":""},"tablet":{"background-color":"","background-image":"","background-repeat":"repeat","background-position":"center center","background-size":"auto","background-attachment":"scroll","background-type":"","background-media":"","overlay-type":"","overlay-color":"","overlay-opacity":"","overlay-gradient":""},"mobile":{"background-color":"","background-image":"","background-repeat":"repeat","background-position":"center center","background-size":"auto","background-attachment":"scroll","background-type":"","background-media":"","overlay-type":"","overlay-color":"","overlay-opacity":"","overlay-gradient":""}},"ast-content-background-meta":{"desktop":{"background-color":"var(--ast-global-color-5)","background-image":"","background-repeat":"repeat","background-position":"center center","background-size":"auto","background-attachment":"scroll","background-type":"","background-media":"","overlay-type":"","overlay-color":"","overlay-opacity":"","overlay-gradient":""},"tablet":{"background-color":"var(--ast-global-color-5)","background-image":"","background-repeat":"repeat","background-position":"center center","background-size":"auto","background-attachment":"scroll","background-type":"","background-media":"","overlay-type":"","overlay-color":"","overlay-opacity":"","overlay-gradient":""},"mobile":{"background-color":"var(--ast-global-color-5)","background-image":"","background-repeat":"repeat","background-position":"center center","background-size":"auto","background-attachment":"scroll","background-type":"","background-media":"","overlay-type":"","overlay-color":"","overlay-opacity":"","overlay-gradient":""}}},"product_brand":[],"product_cat":[20],"product_tag":[],"class_list":{"0":"post-4454","1":"product","2":"type-product","3":"status-publish","4":"has-post-thumbnail","6":"product_cat-kartis","7":"desktop-align-left","8":"tablet-align-left","9":"mobile-align-left","11":"first","12":"instock","13":"shipping-taxable","14":"purchasable","15":"product-type-simple"},"jetpack_sharing_enabled":true,"uagb_featured_image_src":{"full":["https:\/\/lindabligzna.com\/wp-content\/uploads\/2024\/12\/WhatsApp-Image-2024-12-18-at-10.37.59-scaled.jpeg",1703,2560,false],"thumbnail":["https:\/\/lindabligzna.com\/wp-content\/uploads\/2024\/12\/WhatsApp-Image-2024-12-18-at-10.37.59-150x150.jpeg",150,150,true],"medium":["https:\/\/lindabligzna.com\/wp-content\/uploads\/2024\/12\/WhatsApp-Image-2024-12-18-at-10.37.59-200x300.jpeg",200,300,true],"medium_large":["https:\/\/lindabligzna.com\/wp-content\/uploads\/2024\/12\/WhatsApp-Image-2024-12-18-at-10.37.59-768x1154.jpeg",768,1154,true],"large":["https:\/\/lindabligzna.com\/wp-content\/uploads\/2024\/12\/WhatsApp-Image-2024-12-18-at-10.37.59-681x1024.jpeg",681,1024,true],"1536x1536":["https:\/\/lindabligzna.com\/wp-content\/uploads\/2024\/12\/WhatsApp-Image-2024-12-18-at-10.37.59-1022x1536.jpeg",1022,1536,true],"2048x2048":["https:\/\/lindabligzna.com\/wp-content\/uploads\/2024\/12\/WhatsApp-Image-2024-12-18-at-10.37.59-1362x2048.jpeg",1362,2048,true],"trp-custom-language-flag":["https:\/\/lindabligzna.com\/wp-content\/uploads\/2024\/12\/WhatsApp-Image-2024-12-18-at-10.37.59-8x12.jpeg",8,12,true],"woocommerce_thumbnail":["https:\/\/lindabligzna.com\/wp-content\/uploads\/2024\/12\/WhatsApp-Image-2024-12-18-at-10.37.59-300x300.jpeg",300,300,true],"woocommerce_single":["https:\/\/lindabligzna.com\/wp-content\/uploads\/2024\/12\/WhatsApp-Image-2024-12-18-at-10.37.59-600x902.jpeg",600,902,true],"woocommerce_gallery_thumbnail":["https:\/\/lindabligzna.com\/wp-content\/uploads\/2024\/12\/WhatsApp-Image-2024-12-18-at-10.37.59-100x100.jpeg",100,100,true]},"uagb_author_info":{"display_name":"patricija","author_link":"https:\/\/lindabligzna.com\/en\/author\/"},"uagb_comment_info":0,"uagb_excerpt":"Metaforiski asociat\u012bv\u0101s k\u0101rtis \u201cVieta\u201d \u2013 abstrakti m\u0101kslas t\u0113li, kas aicina uz br\u012bvu interpret\u0101ciju un st\u0101stu veido\u0161anu. Lielisks r\u012bks psiholo\u0123ijai, pa\u0161izzi\u0146ai un rado\u0161ajiem procesiem, pal\u012bdzot atrast savu iek\u0161\u0113jo \u201cvietu\u201d.","_links":{"self":[{"href":"https:\/\/lindabligzna.com\/en\/wp-json\/wp\/v2\/product\/4454","targetHints":{"allow":["GET"]}}],"collection":[{"href":"https:\/\/lindabligzna.com\/en\/wp-json\/wp\/v2\/product"}],"about":[{"href":"https:\/\/lindabligzna.com\/en\/wp-json\/wp\/v2\/types\/product"}],"replies":[{"embeddable":true,"href":"https:\/\/lindabligzna.com\/en\/wp-json\/wp\/v2\/comments?post=4454"}],"wp:featuredmedia":[{"embeddable":true,"href":"https:\/\/lindabligzna.com\/en\/wp-json\/wp\/v2\/media\/4455"}],"wp:attachment":[{"href":"https:\/\/lindabligzna.com\/en\/wp-json\/wp\/v2\/media?parent=4454"}],"wp:term":[{"taxonomy":"product_brand","embeddable":true,"href":"https:\/\/lindabligzna.com\/en\/wp-json\/wp\/v2\/product_brand?post=4454"},{"taxonomy":"product_cat","embeddable":true,"href":"https:\/\/lindabligzna.com\/en\/wp-json\/wp\/v2\/product_cat?post=4454"},{"taxonomy":"product_tag","embeddable":true,"href":"https:\/\/lindabligzna.com\/en\/wp-json\/wp\/v2\/product_tag?post=4454"}],"curies":[{"name":"wp","href":"https:\/\/api.w.org\/{rel}","templated":true}]}}